{"id":1058,"date":"2024-08-27T10:26:47","date_gmt":"2024-08-27T08:26:47","guid":{"rendered":"https:\/\/www.lamalandrina.it\/palazzina\/servizi-aggiuntivi\/"},"modified":"2025-04-29T11:53:26","modified_gmt":"2025-04-29T09:53:26","slug":"services-supplementaires","status":"publish","type":"page","link":"https:\/\/www.lamalandrina.it\/fr\/la-structure-hoteliere\/services-supplementaires\/","title":{"rendered":"Services Suppl\u00e9mentaires"},"content":{"rendered":"<div class=\"wpb-content-wrapper\"><p>[vc_row][vc_column width=\u00a0\u00bb1\/1&Prime;][uncode_block id=\u00a0\u00bb128&Prime;][\/vc_column][\/vc_row][vc_row][vc_column width=\u00a0\u00bb1\/1&Prime;][uncode_block id=\u00a0\u00bb219&Prime;][\/vc_column][\/vc_row][vc_row row_height_percent=\u00a0\u00bb0&Prime; override_padding=\u00a0\u00bbyes\u00a0\u00bb h_padding=\u00a0\u00bb2&Prime; top_padding=\u00a0\u00bb2&Prime; bottom_padding=\u00a0\u00bb3&Prime; overlay_alpha=\u00a0\u00bb50&Prime; gutter_size=\u00a0\u00bb3&Prime; column_width_percent=\u00a0\u00bb100&Prime; shift_y=\u00a0\u00bb0&Prime; z_index=\u00a0\u00bb0&Prime; uncode_shortcode_id=\u00a0\u00bb133923&Prime;][vc_column width=\u00a0\u00bb1\/1&Prime;][vc_custom_heading text_color=\u00a0\u00bbcolor-162595&Prime; heading_semantic=\u00a0\u00bbp\u00a0\u00bb text_font=\u00a0\u00bbfont-555555&Prime; text_size=\u00a0\u00bbfontsize-118419&Prime; text_weight=\u00a0\u00bb300&Prime; uncode_shortcode_id=\u00a0\u00bb354792&Prime; text_color_type=\u00a0\u00bbuncode-palette\u00a0\u00bb]Pour un s\u00e9jour vraiment unique, nous vous offrons la possibilit\u00e9 d\u2019acheter des services suppl\u00e9mentaires qui rendront vos vacances encore plus confortables et exclusives. La liste de nos services comprend soit la possibilit\u00e9 d\u2019am\u00e9liorer votre exp\u00e9rience \u00e0 l\u2019int\u00e9rieur de la structure \u00ab La Malandrina \u00bb soit la possibilit\u00e9 d\u2019acheter des services touristiques suppl\u00e9mentaires, qui vous permettront de profiter pleinement de Taormina et des environs.[\/vc_custom_heading][\/vc_column][\/vc_row][vc_row row_height_percent=\u00a0\u00bb0&Prime; back_image=\u00a0\u00bb223&Prime; back_attachment=\u00a0\u00bbfixed\u00a0\u00bb back_position=\u00a0\u00bbcenter center\u00a0\u00bb overlay_alpha=\u00a0\u00bb50&Prime; gutter_size=\u00a0\u00bb3&Prime; column_width_percent=\u00a0\u00bb100&Prime; shift_y=\u00a0\u00bb0&Prime; z_index=\u00a0\u00bb0&Prime; uncode_shortcode_id=\u00a0\u00bb131422&Prime; row_height_pixel=\u00a0\u00bb400&Prime;][vc_column width=\u00a0\u00bb1\/1&Prime;][\/vc_column][\/vc_row][vc_row row_height_percent=\u00a0\u00bb0&Prime; override_padding=\u00a0\u00bbyes\u00a0\u00bb h_padding=\u00a0\u00bb2&Prime; top_padding=\u00a0\u00bb3&Prime; bottom_padding=\u00a0\u00bb2&Prime; overlay_alpha=\u00a0\u00bb50&Prime; gutter_size=\u00a0\u00bb3&Prime; column_width_percent=\u00a0\u00bb100&Prime; shift_y=\u00a0\u00bb0&Prime; z_index=\u00a0\u00bb0&Prime; uncode_shortcode_id=\u00a0\u00bb790029&Prime;][vc_column width=\u00a0\u00bb1\/2&Prime;][vc_icon position=\u00a0\u00bbleft\u00a0\u00bb title_aligned_icon=\u00a0\u00bbyes\u00a0\u00bb icon=\u00a0\u00bbfa fa-automobile\u00a0\u00bb icon_color=\u00a0\u00bbcolor-844243&Prime; size=\u00a0\u00bbfa-3x\u00a0\u00bb text_font=\u00a0\u00bbfont-111997&Prime; uncode_shortcode_id=\u00a0\u00bb945698&Prime; title=\u00a0\u00bbConventions de stationnement\u00a0\u00bb icon_color_type=\u00a0\u00bbuncode-palette\u00a0\u00bb]Profitez imm\u00e9diatement de votre s\u00e9jour !<br \/>\nGr\u00e2ce au service de voiturier (sur demande et r\u00e9servation), confiez votre voiture au gardien et d\u00e9tendez-vous.<br \/>\nVous pouvez \u00e9galement trouver un parking public payant \u00e0 seulement 5 minutes de marche de l&rsquo;h\u00f4tel.[\/vc_icon][\/vc_column][vc_column width=\u00a0\u00bb1\/2&Prime;][vc_icon position=\u00a0\u00bbleft\u00a0\u00bb title_aligned_icon=\u00a0\u00bbyes\u00a0\u00bb icon=\u00a0\u00bbfa fa-gift\u00a0\u00bb icon_color=\u00a0\u00bbcolor-844243&Prime; size=\u00a0\u00bbfa-3x\u00a0\u00bb text_font=\u00a0\u00bbfont-111997&Prime; uncode_shortcode_id=\u00a0\u00bb692560&Prime; title=\u00a0\u00bbWelcome pack\u00a0\u00bb icon_color_type=\u00a0\u00bbuncode-palette\u00a0\u00bb]Quoi de mieux qu\u2019un bon accueil! En achetant le service \u00ab Welcome \u00bb, vous serez choy\u00e9s d\u00e8s votre arriv\u00e9e. Un panier de fruits frais, une bouteille de champagne ou une bo\u00eete de chocolats et fraises vous seront gentiment offerts \u00e0 l\u2019arriv\u00e9e.[\/vc_icon][\/vc_column][\/vc_row][vc_row row_height_percent=\u00a0\u00bb0&Prime; override_padding=\u00a0\u00bbyes\u00a0\u00bb h_padding=\u00a0\u00bb2&Prime; top_padding=\u00a0\u00bb0&Prime; bottom_padding=\u00a0\u00bb0&Prime; overlay_alpha=\u00a0\u00bb50&Prime; gutter_size=\u00a0\u00bb3&Prime; column_width_percent=\u00a0\u00bb100&Prime; shift_y=\u00a0\u00bb0&Prime; z_index=\u00a0\u00bb0&Prime; uncode_shortcode_id=\u00a0\u00bb549916&Prime;][vc_column width=\u00a0\u00bb1\/1&Prime;][vc_separator sep_color=\u00a0\u00bb\u00a0\u00bb type=\u00a0\u00bbdotted\u00a0\u00bb uncode_shortcode_id=\u00a0\u00bb693322&Prime;][\/vc_column][\/vc_row][vc_row][vc_column width=\u00a0\u00bb1\/2&Prime;][vc_icon position=\u00a0\u00bbleft\u00a0\u00bb title_aligned_icon=\u00a0\u00bbyes\u00a0\u00bb icon=\u00a0\u00bbfa fa-plane\u00a0\u00bb icon_color=\u00a0\u00bbcolor-844243&Prime; size=\u00a0\u00bbfa-3x\u00a0\u00bb text_font=\u00a0\u00bbfont-111997&Prime; uncode_shortcode_id=\u00a0\u00bb639524&Prime; title=\u00a0\u00bbTransfert aller et retour de l\u2019a\u00e9roport\u00a0\u00bb icon_color_type=\u00a0\u00bbuncode-palette\u00a0\u00bb]Nous pouvons penser \u00e0 tout d\u00e8s votre arriv\u00e9e. Un service chauffeur sera disponible pour tout transfert de l\u2019a\u00e9roport jusqu\u2019\u00e0 \u00e0 votre destination et vice-versa.[\/vc_icon][\/vc_column][vc_column width=\u00a0\u00bb1\/2&Prime;][vc_icon position=\u00a0\u00bbleft\u00a0\u00bb title_aligned_icon=\u00a0\u00bbyes\u00a0\u00bb icon=\u00a0\u00bbfa fa-cutlery\u00a0\u00bb icon_color=\u00a0\u00bbcolor-844243&Prime; size=\u00a0\u00bbfa-3x\u00a0\u00bb text_font=\u00a0\u00bbfont-111997&Prime; uncode_shortcode_id=\u00a0\u00bb593087&Prime; title=\u00a0\u00bbD\u00e9jeuner et d\u00eener et dans l&rsquo;appartement\u00a0\u00bb icon_color_type=\u00a0\u00bbuncode-palette\u00a0\u00bb]D\u00e9couvrez le plaisir de consommer les repas dans votre appartement sans avoir le soucis de les pr\u00e9parer.[\/vc_icon][\/vc_column][\/vc_row][vc_row row_height_percent=\u00a0\u00bb0&Prime; override_padding=\u00a0\u00bbyes\u00a0\u00bb h_padding=\u00a0\u00bb2&Prime; top_padding=\u00a0\u00bb0&Prime; bottom_padding=\u00a0\u00bb0&Prime; overlay_alpha=\u00a0\u00bb50&Prime; gutter_size=\u00a0\u00bb3&Prime; column_width_percent=\u00a0\u00bb100&Prime; shift_y=\u00a0\u00bb0&Prime; z_index=\u00a0\u00bb0&Prime; uncode_shortcode_id=\u00a0\u00bb549916&Prime;][vc_column width=\u00a0\u00bb1\/1&Prime;][vc_separator sep_color=\u00a0\u00bb\u00a0\u00bb type=\u00a0\u00bbdotted\u00a0\u00bb uncode_shortcode_id=\u00a0\u00bb693322&Prime;][\/vc_column][\/vc_row][vc_row][vc_column width=\u00a0\u00bb1\/2&Prime;][vc_icon position=\u00a0\u00bbleft\u00a0\u00bb title_aligned_icon=\u00a0\u00bbyes\u00a0\u00bb icon=\u00a0\u00bbfa fa-suitcase\u00a0\u00bb icon_color=\u00a0\u00bbcolor-844243&Prime; size=\u00a0\u00bbfa-3x\u00a0\u00bb text_font=\u00a0\u00bbfont-111997&Prime; uncode_shortcode_id=\u00a0\u00bb201465&Prime; title=\u00a0\u00bbCheck in \/ check-out selon vos besoins\u00a0\u00bb icon_color_type=\u00a0\u00bbuncode-palette\u00a0\u00bb]Vos horaires d\u2019arriv\u00e9e et de d\u00e9part ne correspondent pas avec nos check-in et check-out? Pas de probl\u00e8mes, faites nous part de vos besoins au moment de la r\u00e9servation, nous ferons le possible pour nous adapter \u00e0 vos horaires.[\/vc_icon][\/vc_column][vc_column width=\u00a0\u00bb1\/2&Prime;][vc_icon position=\u00a0\u00bbleft\u00a0\u00bb title_aligned_icon=\u00a0\u00bbyes\u00a0\u00bb icon=\u00a0\u00bbfa fa-leaf\u00a0\u00bb icon_color=\u00a0\u00bbcolor-844243&Prime; size=\u00a0\u00bbfa-3x\u00a0\u00bb text_font=\u00a0\u00bbfont-111997&Prime; uncode_shortcode_id=\u00a0\u00bb959200&Prime; title=\u00a0\u00bbFleurs dans la chambr\u00a0\u00bb icon_color_type=\u00a0\u00bbuncode-palette\u00a0\u00bb]Un bouquet de fleurs fra\u00eeches parfum\u00e9es \u00e0 c\u00f4t\u00e9 d\u2019une fen\u00eatre \u00e0 la vue \u00e0 couper le souffle\u2026 quoi de mieux pour savourer pleinement l\u2019ambiance de Taormina?[\/vc_icon][\/vc_column][\/vc_row][vc_row row_height_percent=\u00a0\u00bb0&Prime; override_padding=\u00a0\u00bbyes\u00a0\u00bb h_padding=\u00a0\u00bb2&Prime; top_padding=\u00a0\u00bb0&Prime; bottom_padding=\u00a0\u00bb0&Prime; overlay_alpha=\u00a0\u00bb50&Prime; gutter_size=\u00a0\u00bb3&Prime; column_width_percent=\u00a0\u00bb100&Prime; shift_y=\u00a0\u00bb0&Prime; z_index=\u00a0\u00bb0&Prime; uncode_shortcode_id=\u00a0\u00bb549916&Prime;][vc_column width=\u00a0\u00bb1\/1&Prime;][vc_separator sep_color=\u00a0\u00bb\u00a0\u00bb type=\u00a0\u00bbdotted\u00a0\u00bb uncode_shortcode_id=\u00a0\u00bb693322&Prime;][\/vc_column][\/vc_row][vc_row row_height_percent=\u00a0\u00bb0&Prime; override_padding=\u00a0\u00bbyes\u00a0\u00bb h_padding=\u00a0\u00bb2&Prime; top_padding=\u00a0\u00bb3&Prime; bottom_padding=\u00a0\u00bb2&Prime; overlay_alpha=\u00a0\u00bb50&Prime; gutter_size=\u00a0\u00bb3&Prime; column_width_percent=\u00a0\u00bb100&Prime; shift_y=\u00a0\u00bb0&Prime; z_index=\u00a0\u00bb0&Prime; uncode_shortcode_id=\u00a0\u00bb440711&Prime;][vc_column width=\u00a0\u00bb1\/1&Prime;][vc_custom_heading uncode_shortcode_id=\u00a0\u00bb136653&Prime;]Services et conventions ext\u00e9rieures[\/vc_custom_heading][\/vc_column][\/vc_row][vc_row row_height_percent=\u00a0\u00bb0&Prime; override_padding=\u00a0\u00bbyes\u00a0\u00bb h_padding=\u00a0\u00bb2&Prime; top_padding=\u00a0\u00bb0&Prime; bottom_padding=\u00a0\u00bb2&Prime; overlay_alpha=\u00a0\u00bb50&Prime; gutter_size=\u00a0\u00bb3&Prime; column_width_percent=\u00a0\u00bb100&Prime; shift_y=\u00a0\u00bb0&Prime; z_index=\u00a0\u00bb0&Prime; uncode_shortcode_id=\u00a0\u00bb191489&Prime;][vc_column width=\u00a0\u00bb1\/3&Prime;][uncode_list uncode_shortcode_id=\u00a0\u00bb212857&Prime;]<\/p>\n<ul>\n<li>Location de voitures, scooters, v\u00e9los<\/li>\n<li>Transfert VIP depuis et vers l\u2019a\u00e9roport<\/li>\n<li>Service Taxi NCC<\/li>\n<li>R\u00e9servation de restaurants<\/li>\n<li>Service Beaut\u00e9, massages et coiffeur<\/li>\n<\/ul>\n<p>[\/uncode_list][\/vc_column][vc_column width=\u00a0\u00bb1\/3&Prime;][uncode_list uncode_shortcode_id=\u00a0\u00bb107788&Prime;]<\/p>\n<ul>\n<li>Baby Sitter<\/li>\n<li>Excursions \u00e0 l\u2019Etna ou \u00e0 d\u2019autres destinations<\/li>\n<li>Tours en h\u00e9licopt\u00e8re<\/li>\n<li>Excursions en bateau<\/li>\n<li>Cours de plong\u00e9e<\/li>\n<\/ul>\n<p>[\/uncode_list][\/vc_column][vc_column width=\u00a0\u00bb1\/3&Prime;][uncode_list uncode_shortcode_id=\u00a0\u00bb206372&Prime;]<\/p>\n<ul>\n<li>Cours de tennis<\/li>\n<li>Cours de golf<\/li>\n<li>D\u00e9gustation de vins<\/li>\n<li>Cours de cuisine<\/li>\n<li>Organisation et r\u00e9servations d\u2019activit\u00e9s<\/li>\n<\/ul>\n<p>[\/uncode_list][\/vc_column][\/vc_row][vc_row row_height_percent=\u00a0\u00bb0&Prime; override_padding=\u00a0\u00bbyes\u00a0\u00bb h_padding=\u00a0\u00bb2&Prime; top_padding=\u00a0\u00bb0&Prime; bottom_padding=\u00a0\u00bb2&Prime; overlay_alpha=\u00a0\u00bb50&Prime; gutter_size=\u00a0\u00bb3&Prime; column_width_percent=\u00a0\u00bb100&Prime; shift_y=\u00a0\u00bb0&Prime; z_index=\u00a0\u00bb0&Prime; uncode_shortcode_id=\u00a0\u00bb956657&Prime;][vc_column width=\u00a0\u00bb1\/1&Prime;][vc_column_text uncode_shortcode_id=\u00a0\u00bb212811&Prime;]Pour les infos, les r\u00e9servations et les co\u00fbts des activit\u00e9s veuillez contacter notre service client avant votre arriv\u00e9e ou pendant votre s\u00e9jour. Tous les services seront assur\u00e9s \u00ab sous r\u00e9serve de disponibilit\u00e9 \u00bb. Aucune r\u00e9clamation ne sera accept\u00e9e par La Malandrina en rapport aux services externes \u00e0 la structure.[\/vc_column_text][\/vc_column][\/vc_row][vc_row row_height_percent=\u00a0\u00bb0&Prime; back_image=\u00a0\u00bb256&Prime; back_repeat=\u00a0\u00bbno-repeat\u00a0\u00bb back_attachment=\u00a0\u00bbfixed\u00a0\u00bb back_position=\u00a0\u00bbcenter center\u00a0\u00bb overlay_alpha=\u00a0\u00bb50&Prime; gutter_size=\u00a0\u00bb3&Prime; column_width_percent=\u00a0\u00bb100&Prime; shift_y=\u00a0\u00bb0&Prime; z_index=\u00a0\u00bb0&Prime; uncode_shortcode_id=\u00a0\u00bb193604&Prime; row_height_pixel=\u00a0\u00bb400&Prime;][vc_column width=\u00a0\u00bb1\/1&Prime;][\/vc_column][\/vc_row]<\/p>\n<\/div>","protected":false},"excerpt":{"rendered":"<p>[vc_row][vc_column width=\u00a0\u00bb1\/1&Prime;][uncode_block id=\u00a0\u00bb128&Prime;][\/vc_column][\/vc_row][vc_row][vc_column width=\u00a0\u00bb1\/1&Prime;][uncode_block id=\u00a0\u00bb219&Prime;][\/vc_column][\/vc_row][vc_row row_height_percent=\u00a0\u00bb0&Prime; override_padding=\u00a0\u00bbyes\u00a0\u00bb h_padding=\u00a0\u00bb2&Prime; top_padding=\u00a0\u00bb2&Prime; bottom_padding=\u00a0\u00bb3&Prime; overlay_alpha=\u00a0\u00bb50&Prime; gutter_size=\u00a0\u00bb3&Prime; column_width_percent=\u00a0\u00bb100&Prime; shift_y=\u00a0\u00bb0&Prime; z_index=\u00a0\u00bb0&Prime; uncode_shortcode_id=\u00a0\u00bb133923&Prime;][vc_column width=\u00a0\u00bb1\/1&Prime;][vc_custom_heading text_color=\u00a0\u00bbcolor-162595&Prime; heading_semantic=\u00a0\u00bbp\u00a0\u00bb text_font=\u00a0\u00bbfont-555555&Prime; [&hellip;]<\/p>\n","protected":false},"author":1,"featured_media":0,"parent":1056,"menu_order":0,"comment_status":"closed","ping_status":"closed","template":"","meta":{"footnotes":""},"class_list":["post-1058","page","type-page","status-publish","hentry"],"yoast_head":"<!-- This site is optimized with the Yoast SEO plugin v27.4 - https:\/\/yoast.com\/product\/yoast-seo-wordpress\/ -->\n<title>Services Suppl\u00e9mentaires - La Malandrina<\/title>\n<meta name=\"robots\" content=\"index, follow, max-snippet:-1, max-image-preview:large, max-video-preview:-1\" \/>\n<link rel=\"canonical\" href=\"https:\/\/www.lamalandrina.it\/fr\/la-structure-hoteliere\/services-supplementaires\/\" \/>\n<meta property=\"og:locale\" content=\"fr_FR\" \/>\n<meta property=\"og:type\" content=\"article\" \/>\n<meta property=\"og:title\" content=\"Services Suppl\u00e9mentaires - La Malandrina\" \/>\n<meta property=\"og:description\" content=\"[vc_row][vc_column width=\u00a0\u00bb1\/1&Prime;][uncode_block id=\u00a0\u00bb128&Prime;][\/vc_column][\/vc_row][vc_row][vc_column width=\u00a0\u00bb1\/1&Prime;][uncode_block id=\u00a0\u00bb219&Prime;][\/vc_column][\/vc_row][vc_row row_height_percent=\u00a0\u00bb0&Prime; override_padding=\u00a0\u00bbyes\u00a0\u00bb h_padding=\u00a0\u00bb2&Prime; top_padding=\u00a0\u00bb2&Prime; bottom_padding=\u00a0\u00bb3&Prime; overlay_alpha=\u00a0\u00bb50&Prime; gutter_size=\u00a0\u00bb3&Prime; column_width_percent=\u00a0\u00bb100&Prime; shift_y=\u00a0\u00bb0&Prime; z_index=\u00a0\u00bb0&Prime; uncode_shortcode_id=\u00a0\u00bb133923&Prime;][vc_column width=\u00a0\u00bb1\/1&Prime;][vc_custom_heading text_color=\u00a0\u00bbcolor-162595&Prime; heading_semantic=\u00a0\u00bbp\u00a0\u00bb text_font=\u00a0\u00bbfont-555555&Prime; [&hellip;]\" \/>\n<meta property=\"og:url\" content=\"https:\/\/www.lamalandrina.it\/fr\/la-structure-hoteliere\/services-supplementaires\/\" \/>\n<meta property=\"og:site_name\" content=\"La Malandrina\" \/>\n<meta property=\"article:modified_time\" content=\"2025-04-29T09:53:26+00:00\" \/>\n<meta name=\"twitter:card\" content=\"summary_large_image\" \/>\n<meta name=\"twitter:label1\" content=\"Dur\u00e9e de lecture estim\u00e9e\" \/>\n\t<meta name=\"twitter:data1\" content=\"4 minutes\" \/>\n<script type=\"application\/ld+json\" class=\"yoast-schema-graph\">{\"@context\":\"https:\\\/\\\/schema.org\",\"@graph\":[{\"@type\":\"WebPage\",\"@id\":\"https:\\\/\\\/www.lamalandrina.it\\\/fr\\\/la-structure-hoteliere\\\/services-supplementaires\\\/\",\"url\":\"https:\\\/\\\/www.lamalandrina.it\\\/fr\\\/la-structure-hoteliere\\\/services-supplementaires\\\/\",\"name\":\"Services Suppl\u00e9mentaires - La Malandrina\",\"isPartOf\":{\"@id\":\"https:\\\/\\\/www.lamalandrina.it\\\/fr\\\/#website\"},\"datePublished\":\"2024-08-27T08:26:47+00:00\",\"dateModified\":\"2025-04-29T09:53:26+00:00\",\"breadcrumb\":{\"@id\":\"https:\\\/\\\/www.lamalandrina.it\\\/fr\\\/la-structure-hoteliere\\\/services-supplementaires\\\/#breadcrumb\"},\"inLanguage\":\"fr-FR\",\"potentialAction\":[{\"@type\":\"ReadAction\",\"target\":[\"https:\\\/\\\/www.lamalandrina.it\\\/fr\\\/la-structure-hoteliere\\\/services-supplementaires\\\/\"]}]},{\"@type\":\"BreadcrumbList\",\"@id\":\"https:\\\/\\\/www.lamalandrina.it\\\/fr\\\/la-structure-hoteliere\\\/services-supplementaires\\\/#breadcrumb\",\"itemListElement\":[{\"@type\":\"ListItem\",\"position\":1,\"name\":\"Home\",\"item\":\"https:\\\/\\\/www.lamalandrina.it\\\/fr\\\/\"},{\"@type\":\"ListItem\",\"position\":2,\"name\":\"Maison\",\"item\":\"https:\\\/\\\/www.lamalandrina.it\\\/fr\\\/palazzina\\\/\"},{\"@type\":\"ListItem\",\"position\":3,\"name\":\"Services Suppl\u00e9mentaires\"}]},{\"@type\":\"WebSite\",\"@id\":\"https:\\\/\\\/www.lamalandrina.it\\\/fr\\\/#website\",\"url\":\"https:\\\/\\\/www.lamalandrina.it\\\/fr\\\/\",\"name\":\"La Malandrina\",\"description\":\"Case vacanze a Taormina, Italy\",\"publisher\":{\"@id\":\"https:\\\/\\\/www.lamalandrina.it\\\/fr\\\/#organization\"},\"potentialAction\":[{\"@type\":\"SearchAction\",\"target\":{\"@type\":\"EntryPoint\",\"urlTemplate\":\"https:\\\/\\\/www.lamalandrina.it\\\/fr\\\/?s={search_term_string}\"},\"query-input\":{\"@type\":\"PropertyValueSpecification\",\"valueRequired\":true,\"valueName\":\"search_term_string\"}}],\"inLanguage\":\"fr-FR\"},{\"@type\":\"Organization\",\"@id\":\"https:\\\/\\\/www.lamalandrina.it\\\/fr\\\/#organization\",\"name\":\"La Malandrina\",\"url\":\"https:\\\/\\\/www.lamalandrina.it\\\/fr\\\/\",\"logo\":{\"@type\":\"ImageObject\",\"inLanguage\":\"fr-FR\",\"@id\":\"https:\\\/\\\/www.lamalandrina.it\\\/fr\\\/#\\\/schema\\\/logo\\\/image\\\/\",\"url\":\"https:\\\/\\\/www.lamalandrina.it\\\/wp-content\\\/uploads\\\/2024\\\/08\\\/logo_retina.png\",\"contentUrl\":\"https:\\\/\\\/www.lamalandrina.it\\\/wp-content\\\/uploads\\\/2024\\\/08\\\/logo_retina.png\",\"width\":1008,\"height\":567,\"caption\":\"La Malandrina\"},\"image\":{\"@id\":\"https:\\\/\\\/www.lamalandrina.it\\\/fr\\\/#\\\/schema\\\/logo\\\/image\\\/\"}}]}<\/script>\n<!-- \/ Yoast SEO plugin. -->","yoast_head_json":{"title":"Services Suppl\u00e9mentaires - La Malandrina","robots":{"index":"index","follow":"follow","max-snippet":"max-snippet:-1","max-image-preview":"max-image-preview:large","max-video-preview":"max-video-preview:-1"},"canonical":"https:\/\/www.lamalandrina.it\/fr\/la-structure-hoteliere\/services-supplementaires\/","og_locale":"fr_FR","og_type":"article","og_title":"Services Suppl\u00e9mentaires - La Malandrina","og_description":"[vc_row][vc_column width=\u00a0\u00bb1\/1&Prime;][uncode_block id=\u00a0\u00bb128&Prime;][\/vc_column][\/vc_row][vc_row][vc_column width=\u00a0\u00bb1\/1&Prime;][uncode_block id=\u00a0\u00bb219&Prime;][\/vc_column][\/vc_row][vc_row row_height_percent=\u00a0\u00bb0&Prime; override_padding=\u00a0\u00bbyes\u00a0\u00bb h_padding=\u00a0\u00bb2&Prime; top_padding=\u00a0\u00bb2&Prime; bottom_padding=\u00a0\u00bb3&Prime; overlay_alpha=\u00a0\u00bb50&Prime; gutter_size=\u00a0\u00bb3&Prime; column_width_percent=\u00a0\u00bb100&Prime; shift_y=\u00a0\u00bb0&Prime; z_index=\u00a0\u00bb0&Prime; uncode_shortcode_id=\u00a0\u00bb133923&Prime;][vc_column width=\u00a0\u00bb1\/1&Prime;][vc_custom_heading text_color=\u00a0\u00bbcolor-162595&Prime; heading_semantic=\u00a0\u00bbp\u00a0\u00bb text_font=\u00a0\u00bbfont-555555&Prime; [&hellip;]","og_url":"https:\/\/www.lamalandrina.it\/fr\/la-structure-hoteliere\/services-supplementaires\/","og_site_name":"La Malandrina","article_modified_time":"2025-04-29T09:53:26+00:00","twitter_card":"summary_large_image","twitter_misc":{"Dur\u00e9e de lecture estim\u00e9e":"4 minutes"},"schema":{"@context":"https:\/\/schema.org","@graph":[{"@type":"WebPage","@id":"https:\/\/www.lamalandrina.it\/fr\/la-structure-hoteliere\/services-supplementaires\/","url":"https:\/\/www.lamalandrina.it\/fr\/la-structure-hoteliere\/services-supplementaires\/","name":"Services Suppl\u00e9mentaires - La Malandrina","isPartOf":{"@id":"https:\/\/www.lamalandrina.it\/fr\/#website"},"datePublished":"2024-08-27T08:26:47+00:00","dateModified":"2025-04-29T09:53:26+00:00","breadcrumb":{"@id":"https:\/\/www.lamalandrina.it\/fr\/la-structure-hoteliere\/services-supplementaires\/#breadcrumb"},"inLanguage":"fr-FR","potentialAction":[{"@type":"ReadAction","target":["https:\/\/www.lamalandrina.it\/fr\/la-structure-hoteliere\/services-supplementaires\/"]}]},{"@type":"BreadcrumbList","@id":"https:\/\/www.lamalandrina.it\/fr\/la-structure-hoteliere\/services-supplementaires\/#breadcrumb","itemListElement":[{"@type":"ListItem","position":1,"name":"Home","item":"https:\/\/www.lamalandrina.it\/fr\/"},{"@type":"ListItem","position":2,"name":"Maison","item":"https:\/\/www.lamalandrina.it\/fr\/palazzina\/"},{"@type":"ListItem","position":3,"name":"Services Suppl\u00e9mentaires"}]},{"@type":"WebSite","@id":"https:\/\/www.lamalandrina.it\/fr\/#website","url":"https:\/\/www.lamalandrina.it\/fr\/","name":"La Malandrina","description":"Case vacanze a Taormina, Italy","publisher":{"@id":"https:\/\/www.lamalandrina.it\/fr\/#organization"},"potentialAction":[{"@type":"SearchAction","target":{"@type":"EntryPoint","urlTemplate":"https:\/\/www.lamalandrina.it\/fr\/?s={search_term_string}"},"query-input":{"@type":"PropertyValueSpecification","valueRequired":true,"valueName":"search_term_string"}}],"inLanguage":"fr-FR"},{"@type":"Organization","@id":"https:\/\/www.lamalandrina.it\/fr\/#organization","name":"La Malandrina","url":"https:\/\/www.lamalandrina.it\/fr\/","logo":{"@type":"ImageObject","inLanguage":"fr-FR","@id":"https:\/\/www.lamalandrina.it\/fr\/#\/schema\/logo\/image\/","url":"https:\/\/www.lamalandrina.it\/wp-content\/uploads\/2024\/08\/logo_retina.png","contentUrl":"https:\/\/www.lamalandrina.it\/wp-content\/uploads\/2024\/08\/logo_retina.png","width":1008,"height":567,"caption":"La Malandrina"},"image":{"@id":"https:\/\/www.lamalandrina.it\/fr\/#\/schema\/logo\/image\/"}}]}},"_links":{"self":[{"href":"https:\/\/www.lamalandrina.it\/fr\/wp-json\/wp\/v2\/pages\/1058","targetHints":{"allow":["GET"]}}],"collection":[{"href":"https:\/\/www.lamalandrina.it\/fr\/wp-json\/wp\/v2\/pages"}],"about":[{"href":"https:\/\/www.lamalandrina.it\/fr\/wp-json\/wp\/v2\/types\/page"}],"author":[{"embeddable":true,"href":"https:\/\/www.lamalandrina.it\/fr\/wp-json\/wp\/v2\/users\/1"}],"replies":[{"embeddable":true,"href":"https:\/\/www.lamalandrina.it\/fr\/wp-json\/wp\/v2\/comments?post=1058"}],"version-history":[{"count":7,"href":"https:\/\/www.lamalandrina.it\/fr\/wp-json\/wp\/v2\/pages\/1058\/revisions"}],"predecessor-version":[{"id":1463,"href":"https:\/\/www.lamalandrina.it\/fr\/wp-json\/wp\/v2\/pages\/1058\/revisions\/1463"}],"up":[{"embeddable":true,"href":"https:\/\/www.lamalandrina.it\/fr\/wp-json\/wp\/v2\/pages\/1056"}],"wp:attachment":[{"href":"https:\/\/www.lamalandrina.it\/fr\/wp-json\/wp\/v2\/media?parent=1058"}],"curies":[{"name":"wp","href":"https:\/\/api.w.org\/{rel}","templated":true}]}}