{"id":1056,"date":"2024-08-27T10:12:02","date_gmt":"2024-08-27T08:12:02","guid":{"rendered":"https:\/\/www.lamalandrina.it\/palazzina\/"},"modified":"2024-09-04T14:13:12","modified_gmt":"2024-09-04T12:13:12","slug":"la-structure-hoteliere","status":"publish","type":"page","link":"https:\/\/www.lamalandrina.it\/fr\/la-structure-hoteliere\/","title":{"rendered":"Maison"},"content":{"rendered":"<div class=\"wpb-content-wrapper\"><p>[vc_row][vc_column width=\u00a0\u00bb1\/1&Prime;][uncode_block id=\u00a0\u00bb128&Prime;][\/vc_column][\/vc_row][vc_row row_height_percent=\u00a0\u00bb75&Prime; back_image=\u00a0\u00bb176&Prime; back_repeat=\u00a0\u00bbno-repeat\u00a0\u00bb back_attachment=\u00a0\u00bbfixed\u00a0\u00bb back_position=\u00a0\u00bbcenter center\u00a0\u00bb overlay_color=\u00a0\u00bbcolor-152021&Prime; overlay_alpha=\u00a0\u00bb40&Prime; overlay_color_blend=\u00a0\u00bbmultiply\u00a0\u00bb equal_height=\u00a0\u00bbyes\u00a0\u00bb gutter_size=\u00a0\u00bb0&Prime; column_width_use_pixel=\u00a0\u00bbyes\u00a0\u00bb shift_y=\u00a0\u00bb0&Prime; z_index=\u00a0\u00bb0&Prime; row_name=\u00a0\u00bbWelcome\u00a0\u00bb uncode_shortcode_id=\u00a0\u00bb107842&Prime; overlay_color_type=\u00a0\u00bbuncode-palette\u00a0\u00bb row_height_pixel=\u00a0\u00bb600&Prime;][vc_column column_width_percent=\u00a0\u00bb100&Prime; position_vertical=\u00a0\u00bbmiddle\u00a0\u00bb align_horizontal=\u00a0\u00bbalign_center\u00a0\u00bb gutter_size=\u00a0\u00bb3&Prime; style=\u00a0\u00bbdark\u00a0\u00bb overlay_alpha=\u00a0\u00bb50&Prime; shift_x=\u00a0\u00bb0&Prime; shift_y=\u00a0\u00bb0&Prime; shift_y_down=\u00a0\u00bb0&Prime; z_index=\u00a0\u00bb0&Prime; medium_width=\u00a0\u00bb0&Prime; mobile_width=\u00a0\u00bb0&Prime; width=\u00a0\u00bb1\/1&Prime; uncode_shortcode_id=\u00a0\u00bb201192&Prime;][vc_row_inner row_inner_height_percent=\u00a0\u00bb0&Prime; overlay_alpha=\u00a0\u00bb50&Prime; gutter_size=\u00a0\u00bb3&Prime; shift_y=\u00a0\u00bb0&Prime; z_index=\u00a0\u00bb0&Prime;][vc_column_inner column_width_percent=\u00a0\u00bb85&Prime; position_vertical=\u00a0\u00bbmiddle\u00a0\u00bb align_horizontal=\u00a0\u00bbalign_center\u00a0\u00bb gutter_size=\u00a0\u00bb3&Prime; style=\u00a0\u00bbdark\u00a0\u00bb overlay_alpha=\u00a0\u00bb50&Prime; shift_x=\u00a0\u00bb0&Prime; shift_y=\u00a0\u00bb0&Prime; shift_y_down=\u00a0\u00bb0&Prime; z_index=\u00a0\u00bb0&Prime; medium_width=\u00a0\u00bb0&Prime; mobile_width=\u00a0\u00bb0&Prime; width=\u00a0\u00bb1\/1&Prime; uncode_shortcode_id=\u00a0\u00bb205279&Prime;][vc_custom_heading text_color=\u00a0\u00bbcolor-xsdn\u00a0\u00bb heading_semantic=\u00a0\u00bbp\u00a0\u00bb text_size=\u00a0\u00bbfontsize-133105&Prime; text_weight=\u00a0\u00bb400&Prime; text_height=\u00a0\u00bbfontheight-150504&Prime; uncode_shortcode_id=\u00a0\u00bb123874&Prime; text_color_type=\u00a0\u00bbuncode-palette\u00a0\u00bb]La structure h\u00f4teli\u00e8re[\/vc_custom_heading][vc_custom_heading text_color=\u00a0\u00bbcolor-xsdn\u00a0\u00bb heading_semantic=\u00a0\u00bbp\u00a0\u00bb text_size=\u00a0\u00bbfontsize-918527&Prime; text_weight=\u00a0\u00bb400&Prime; text_height=\u00a0\u00bbfontheight-112435&Prime; uncode_shortcode_id=\u00a0\u00bb845925&Prime; text_color_type=\u00a0\u00bbuncode-palette\u00a0\u00bb el_class=\u00a0\u00bbtitle-p-responsive\u00a0\u00bb]<span style=\"padding-bottom: 25px; display: inline-block;\">La Malandrina est situ\u00e9e dans le centre-ville de Taormina, en position dominante, \u00e0 deux pas du Corso Umberto I, art\u00e8re principale de la ville.<\/span><br \/>\nDe ses chambres, on peut profiter d\u2019une vue imprenable \u00e0 la mer, l\u2019Etna, la baie de Giardini Naxos et \u00e0 toute la c\u00f4te occidentale.[\/vc_custom_heading][\/vc_column_inner][\/vc_row_inner][\/vc_column][\/vc_row][vc_row row_height_percent=\u00a0\u00bb0&Prime; override_padding=\u00a0\u00bbyes\u00a0\u00bb h_padding=\u00a0\u00bb2&Prime; top_padding=\u00a0\u00bb3&Prime; bottom_padding=\u00a0\u00bb3&Prime; back_color=\u00a0\u00bbcolor-298019&Prime; overlay_alpha=\u00a0\u00bb50&Prime; equal_height=\u00a0\u00bbyes\u00a0\u00bb gutter_size=\u00a0\u00bb3&Prime; column_width_percent=\u00a0\u00bb100&Prime; shift_y=\u00a0\u00bb0&Prime; z_index=\u00a0\u00bb0&Prime; uncode_shortcode_id=\u00a0\u00bb211703&Prime; back_color_type=\u00a0\u00bbuncode-palette\u00a0\u00bb][vc_column width=\u00a0\u00bb1\/2&Prime;][vc_custom_heading text_color=\u00a0\u00bbcolor-xsdn\u00a0\u00bb heading_semantic=\u00a0\u00bbp\u00a0\u00bb text_font=\u00a0\u00bbfont-555555&Prime; text_size=\u00a0\u00bbfontsize-118419&Prime; text_weight=\u00a0\u00bb300&Prime; uncode_shortcode_id=\u00a0\u00bb183853&Prime; text_color_type=\u00a0\u00bbuncode-palette\u00a0\u00bb]La Malandrina se situe au croisement des rues Dionisio Ier et Salita Castelmola, \u00e0 deux pas des murs d\u2019enceinte d\u2019\u00e9poque romaine , \u00e0 100 m\u00e8tres du Corso Umberto I et de Porta Catania. Tr\u00e8s proche de La Malandrina trouvent leur emplacement l\u2019ancien palais normand \u00ab L \u2018Ancienne Abbaye \u00bb.[\/vc_custom_heading][\/vc_column][vc_column width=\u00a0\u00bb1\/2&Prime;][vc_custom_heading text_color=\u00a0\u00bbcolor-xsdn\u00a0\u00bb heading_semantic=\u00a0\u00bbp\u00a0\u00bb text_font=\u00a0\u00bbfont-555555&Prime; text_size=\u00a0\u00bbfontsize-118419&Prime; text_weight=\u00a0\u00bb300&Prime; uncode_shortcode_id=\u00a0\u00bb116668&Prime; text_color_type=\u00a0\u00bbuncode-palette\u00a0\u00bb]La position strat\u00e9gique de la structure permet aux clients de La Malandrina de pouvoir profiter d\u2019un s\u00e9jour complet fait de baignades, shopping, restaurants, vie nocturne, excursions, expositions et, en plus, des concerts, des op\u00e9ras et des spectacles de danse qui, de juin \u00e0 septembre, se succ\u00e8dent sans arr\u00eat \u00e0 l \u2018Ancien Th\u00e9\u00e2tre de la ville.[\/vc_custom_heading][\/vc_column][\/vc_row][vc_row row_height_percent=\u00a0\u00bb100&Prime; back_image=\u00a0\u00bb207&Prime; back_repeat=\u00a0\u00bbno-repeat\u00a0\u00bb back_attachment=\u00a0\u00bbfixed\u00a0\u00bb back_position=\u00a0\u00bbcenter center\u00a0\u00bb overlay_alpha=\u00a0\u00bb40&Prime; overlay_color_blend=\u00a0\u00bbmultiply\u00a0\u00bb equal_height=\u00a0\u00bbyes\u00a0\u00bb gutter_size=\u00a0\u00bb0&Prime; column_width_use_pixel=\u00a0\u00bbyes\u00a0\u00bb shift_y=\u00a0\u00bb0&Prime; z_index=\u00a0\u00bb0&Prime; row_name=\u00a0\u00bbWelcome\u00a0\u00bb uncode_shortcode_id=\u00a0\u00bb890153&Prime; row_height_pixel=\u00a0\u00bb600&Prime;][vc_column column_width_percent=\u00a0\u00bb100&Prime; position_vertical=\u00a0\u00bbmiddle\u00a0\u00bb align_horizontal=\u00a0\u00bbalign_center\u00a0\u00bb gutter_size=\u00a0\u00bb3&Prime; style=\u00a0\u00bbdark\u00a0\u00bb overlay_alpha=\u00a0\u00bb50&Prime; shift_x=\u00a0\u00bb0&Prime; shift_y=\u00a0\u00bb0&Prime; shift_y_down=\u00a0\u00bb0&Prime; z_index=\u00a0\u00bb0&Prime; medium_width=\u00a0\u00bb0&Prime; mobile_width=\u00a0\u00bb0&Prime; width=\u00a0\u00bb1\/1&Prime; uncode_shortcode_id=\u00a0\u00bb201192&Prime;][\/vc_column][\/vc_row][vc_row row_height_percent=\u00a0\u00bb0&Prime; override_padding=\u00a0\u00bbyes\u00a0\u00bb h_padding=\u00a0\u00bb2&Prime; top_padding=\u00a0\u00bb3&Prime; bottom_padding=\u00a0\u00bb3&Prime; back_color=\u00a0\u00bbcolor-298019&Prime; overlay_alpha=\u00a0\u00bb50&Prime; equal_height=\u00a0\u00bbyes\u00a0\u00bb gutter_size=\u00a0\u00bb3&Prime; column_width_percent=\u00a0\u00bb100&Prime; shift_y=\u00a0\u00bb0&Prime; z_index=\u00a0\u00bb0&Prime; uncode_shortcode_id=\u00a0\u00bb117434&Prime; back_color_type=\u00a0\u00bbuncode-palette\u00a0\u00bb][vc_column width=\u00a0\u00bb1\/2&Prime;][vc_custom_heading text_color=\u00a0\u00bbcolor-xsdn\u00a0\u00bb heading_semantic=\u00a0\u00bbp\u00a0\u00bb text_font=\u00a0\u00bbfont-555555&Prime; text_size=\u00a0\u00bbfontsize-118419&Prime; text_weight=\u00a0\u00bb300&Prime; uncode_shortcode_id=\u00a0\u00bb885132&Prime; text_color_type=\u00a0\u00bbuncode-palette\u00a0\u00bb]L\u2019histoire de La Malandrina a commenc\u00e9 , il y a environ 45 ans, \u00e0 la suite d\u2019une une belle histoire d\u2019amour entre deux jeunes amoureux: elle qui vivait \u00e0 Taormina et lui qui venait d\u2019une autre ville sicilienne. Pour r\u00e9aliser leur promesse de mariage et surtout fatigu\u00e9s des voyages d\u2019aller et retour entre leurs deux villes de r\u00e9sidence, les deux fianc\u00e9s d\u00e9cid\u00e8rent bient\u00f4t de se marier et fonder une famille.[\/vc_custom_heading][\/vc_column][vc_column width=\u00a0\u00bb1\/2&Prime;][vc_custom_heading text_color=\u00a0\u00bbcolor-xsdn\u00a0\u00bb heading_semantic=\u00a0\u00bbp\u00a0\u00bb text_font=\u00a0\u00bbfont-555555&Prime; text_size=\u00a0\u00bbfontsize-118419&Prime; text_weight=\u00a0\u00bb300&Prime; uncode_shortcode_id=\u00a0\u00bb106947&Prime; text_color_type=\u00a0\u00bbuncode-palette\u00a0\u00bb]Le jeune \u00e9poux d\u00e9pla\u00e7a d\u00e9finitivement le si\u00e8ge de son activit\u00e9 \u00e0 Taormina o\u00f9 il acquit m\u00eame le terrain confinant la propri\u00e9t\u00e9 de sa belle \u00e9pouse pour le destiner \u00e0 la construction de leur maison: un solide b\u00e2timent de deux \u00e9tages \u00e0 l\u2019usage exclusif de la famille. Dans les \u201970 les espaces internes du b\u00e2timent furent modifi\u00e9s pour cr\u00e9er des petits appartements.[\/vc_custom_heading][\/vc_column][\/vc_row][vc_row row_height_percent=\u00a0\u00bb100&Prime; back_image=\u00a0\u00bb205&Prime; back_repeat=\u00a0\u00bbno-repeat\u00a0\u00bb back_attachment=\u00a0\u00bbfixed\u00a0\u00bb back_position=\u00a0\u00bbcenter center\u00a0\u00bb overlay_alpha=\u00a0\u00bb40&Prime; overlay_color_blend=\u00a0\u00bbmultiply\u00a0\u00bb equal_height=\u00a0\u00bbyes\u00a0\u00bb gutter_size=\u00a0\u00bb0&Prime; column_width_use_pixel=\u00a0\u00bbyes\u00a0\u00bb shift_y=\u00a0\u00bb0&Prime; z_index=\u00a0\u00bb0&Prime; row_name=\u00a0\u00bbWelcome\u00a0\u00bb uncode_shortcode_id=\u00a0\u00bb143408&Prime; row_height_pixel=\u00a0\u00bb600&Prime;][vc_column column_width_percent=\u00a0\u00bb100&Prime; position_vertical=\u00a0\u00bbmiddle\u00a0\u00bb align_horizontal=\u00a0\u00bbalign_center\u00a0\u00bb gutter_size=\u00a0\u00bb3&Prime; style=\u00a0\u00bbdark\u00a0\u00bb overlay_alpha=\u00a0\u00bb50&Prime; shift_x=\u00a0\u00bb0&Prime; shift_y=\u00a0\u00bb0&Prime; shift_y_down=\u00a0\u00bb0&Prime; z_index=\u00a0\u00bb0&Prime; medium_width=\u00a0\u00bb0&Prime; mobile_width=\u00a0\u00bb0&Prime; width=\u00a0\u00bb1\/1&Prime; uncode_shortcode_id=\u00a0\u00bb201192&Prime;][\/vc_column][\/vc_row][vc_row row_height_percent=\u00a0\u00bb0&Prime; override_padding=\u00a0\u00bbyes\u00a0\u00bb h_padding=\u00a0\u00bb2&Prime; top_padding=\u00a0\u00bb3&Prime; bottom_padding=\u00a0\u00bb3&Prime; back_color=\u00a0\u00bbcolor-298019&Prime; overlay_alpha=\u00a0\u00bb50&Prime; equal_height=\u00a0\u00bbyes\u00a0\u00bb gutter_size=\u00a0\u00bb3&Prime; column_width_percent=\u00a0\u00bb100&Prime; shift_y=\u00a0\u00bb0&Prime; z_index=\u00a0\u00bb0&Prime; uncode_shortcode_id=\u00a0\u00bb117434&Prime; back_color_type=\u00a0\u00bbuncode-palette\u00a0\u00bb][vc_column width=\u00a0\u00bb1\/2&Prime;][vc_custom_heading text_color=\u00a0\u00bbcolor-xsdn\u00a0\u00bb heading_semantic=\u00a0\u00bbp\u00a0\u00bb text_font=\u00a0\u00bbfont-555555&Prime; text_size=\u00a0\u00bbfontsize-118419&Prime; text_weight=\u00a0\u00bb300&Prime; uncode_shortcode_id=\u00a0\u00bb171926&Prime; text_color_type=\u00a0\u00bbuncode-palette\u00a0\u00bb]Apr\u00e8s trente ans de distance de la premi\u00e8re r\u00e9novation, les propri\u00e9taires entrevirent la possibilit\u00e9 de transformer l\u2019immeuble en structure h\u00f4teli\u00e8re; ce fut le d\u00e9but d\u2019une restructuration massive qui a dur\u00e9 10 mois, et qui a affect\u00e9 la structure toute enti\u00e8re (murs, fa\u00e7ades, r\u00e9seau \u00e9lectrique, fen\u00eatres ) aussi que les finitions internes (portes, parquet en ch\u00eane, carrelage et salles de bains de premi\u00e8re choix). Soit pour les structures principales que pour les finitions on a utilis\u00e9 des mat\u00e9riaux solides et de go\u00fbt raffin\u00e9, mis en place \u00e0 r\u00e8gle d\u2019art par d\u2019excellents ma\u00eetres-ma\u00e7ons de Taormina.[\/vc_custom_heading][\/vc_column][vc_column width=\u00a0\u00bb1\/2&Prime;][vc_custom_heading text_color=\u00a0\u00bbcolor-xsdn\u00a0\u00bb heading_semantic=\u00a0\u00bbp\u00a0\u00bb text_font=\u00a0\u00bbfont-555555&Prime; text_size=\u00a0\u00bbfontsize-118419&Prime; text_weight=\u00a0\u00bb300&Prime; uncode_shortcode_id=\u00a0\u00bb145916&Prime; text_color_type=\u00a0\u00bbuncode-palette\u00a0\u00bb]Aujourd\u2019hui, le b\u00e2timent offre des petits et confortables appartements et des suites tr\u00e8s raffin\u00e9es .Le projet de restructuration des espaces internes aussi que des d\u00e9cors est \u00ab made in Italy \u00bb y compris le choix des tissus et du mobilier; les artisans de Taormina ont fourni les rideaux, lampes, canap\u00e9s, fauteuils, chaises, armoires ; tout en suivant leur ligne traditionnelle de production, ils ont mis une attention en plus aux petits d\u00e9tails demand\u00e9s par les commettants. Tout a \u00e9t\u00e9 \u00e9tudi\u00e9 et r\u00e9alis\u00e9 pour que le client se sent chez soi \u00e0 travers la r\u00e9alisation d\u2019espaces soign\u00e9s, classiques et, en m\u00eame temps, contemporains.[\/vc_custom_heading][\/vc_column][\/vc_row][vc_row row_height_percent=\u00a0\u00bb100&Prime; back_image=\u00a0\u00bb206&Prime; back_repeat=\u00a0\u00bbno-repeat\u00a0\u00bb back_attachment=\u00a0\u00bbfixed\u00a0\u00bb back_position=\u00a0\u00bbcenter center\u00a0\u00bb overlay_alpha=\u00a0\u00bb40&Prime; overlay_color_blend=\u00a0\u00bbmultiply\u00a0\u00bb equal_height=\u00a0\u00bbyes\u00a0\u00bb gutter_size=\u00a0\u00bb0&Prime; column_width_use_pixel=\u00a0\u00bbyes\u00a0\u00bb shift_y=\u00a0\u00bb0&Prime; z_index=\u00a0\u00bb0&Prime; row_name=\u00a0\u00bbWelcome\u00a0\u00bb uncode_shortcode_id=\u00a0\u00bb210652&Prime; row_height_pixel=\u00a0\u00bb600&Prime;][vc_column column_width_percent=\u00a0\u00bb100&Prime; position_vertical=\u00a0\u00bbmiddle\u00a0\u00bb align_horizontal=\u00a0\u00bbalign_center\u00a0\u00bb gutter_size=\u00a0\u00bb3&Prime; style=\u00a0\u00bbdark\u00a0\u00bb overlay_alpha=\u00a0\u00bb50&Prime; shift_x=\u00a0\u00bb0&Prime; shift_y=\u00a0\u00bb0&Prime; shift_y_down=\u00a0\u00bb0&Prime; z_index=\u00a0\u00bb0&Prime; medium_width=\u00a0\u00bb0&Prime; mobile_width=\u00a0\u00bb0&Prime; width=\u00a0\u00bb1\/1&Prime; uncode_shortcode_id=\u00a0\u00bb201192&Prime;][\/vc_column][\/vc_row]<\/p>\n<\/div>","protected":false},"excerpt":{"rendered":"<p>[vc_row][vc_column width=\u00a0\u00bb1\/1&Prime;][uncode_block id=\u00a0\u00bb128&Prime;][\/vc_column][\/vc_row][vc_row row_height_percent=\u00a0\u00bb75&Prime; back_image=\u00a0\u00bb176&Prime; back_repeat=\u00a0\u00bbno-repeat\u00a0\u00bb back_attachment=\u00a0\u00bbfixed\u00a0\u00bb back_position=\u00a0\u00bbcenter center\u00a0\u00bb overlay_color=\u00a0\u00bbcolor-152021&Prime; overlay_alpha=\u00a0\u00bb40&Prime; overlay_color_blend=\u00a0\u00bbmultiply\u00a0\u00bb equal_height=\u00a0\u00bbyes\u00a0\u00bb gutter_size=\u00a0\u00bb0&Prime; column_width_use_pixel=\u00a0\u00bbyes\u00a0\u00bb shift_y=\u00a0\u00bb0&Prime; z_index=\u00a0\u00bb0&Prime; row_name=\u00a0\u00bbWelcome\u00a0\u00bb uncode_shortcode_id=\u00a0\u00bb107842&Prime; overlay_color_type=\u00a0\u00bbuncode-palette\u00a0\u00bb [&hellip;]<\/p>\n","protected":false},"author":1,"featured_media":0,"parent":0,"menu_order":0,"comment_status":"closed","ping_status":"closed","template":"","meta":{"footnotes":""},"class_list":["post-1056","page","type-page","status-publish","hentry"],"yoast_head":"<!-- This site is optimized with the Yoast SEO plugin v27.4 - https:\/\/yoast.com\/product\/yoast-seo-wordpress\/ -->\n<title>Maison - La Malandrina<\/title>\n<meta name=\"robots\" content=\"index, follow, max-snippet:-1, max-image-preview:large, max-video-preview:-1\" \/>\n<link rel=\"canonical\" href=\"https:\/\/www.lamalandrina.it\/fr\/la-structure-hoteliere\/\" \/>\n<meta property=\"og:locale\" content=\"fr_FR\" \/>\n<meta property=\"og:type\" content=\"article\" \/>\n<meta property=\"og:title\" content=\"Maison - La Malandrina\" \/>\n<meta property=\"og:description\" content=\"[vc_row][vc_column width=\u00a0\u00bb1\/1&Prime;][uncode_block id=\u00a0\u00bb128&Prime;][\/vc_column][\/vc_row][vc_row row_height_percent=\u00a0\u00bb75&Prime; back_image=\u00a0\u00bb176&Prime; back_repeat=\u00a0\u00bbno-repeat\u00a0\u00bb back_attachment=\u00a0\u00bbfixed\u00a0\u00bb back_position=\u00a0\u00bbcenter center\u00a0\u00bb overlay_color=\u00a0\u00bbcolor-152021&Prime; overlay_alpha=\u00a0\u00bb40&Prime; overlay_color_blend=\u00a0\u00bbmultiply\u00a0\u00bb equal_height=\u00a0\u00bbyes\u00a0\u00bb gutter_size=\u00a0\u00bb0&Prime; column_width_use_pixel=\u00a0\u00bbyes\u00a0\u00bb shift_y=\u00a0\u00bb0&Prime; z_index=\u00a0\u00bb0&Prime; row_name=\u00a0\u00bbWelcome\u00a0\u00bb uncode_shortcode_id=\u00a0\u00bb107842&Prime; overlay_color_type=\u00a0\u00bbuncode-palette\u00a0\u00bb [&hellip;]\" \/>\n<meta property=\"og:url\" content=\"https:\/\/www.lamalandrina.it\/fr\/la-structure-hoteliere\/\" \/>\n<meta property=\"og:site_name\" content=\"La Malandrina\" \/>\n<meta property=\"article:modified_time\" content=\"2024-09-04T12:13:12+00:00\" \/>\n<meta name=\"twitter:card\" content=\"summary_large_image\" \/>\n<meta name=\"twitter:label1\" content=\"Dur\u00e9e de lecture estim\u00e9e\" \/>\n\t<meta name=\"twitter:data1\" content=\"7 minutes\" \/>\n<script type=\"application\/ld+json\" class=\"yoast-schema-graph\">{\"@context\":\"https:\\\/\\\/schema.org\",\"@graph\":[{\"@type\":\"WebPage\",\"@id\":\"https:\\\/\\\/www.lamalandrina.it\\\/fr\\\/la-structure-hoteliere\\\/\",\"url\":\"https:\\\/\\\/www.lamalandrina.it\\\/fr\\\/la-structure-hoteliere\\\/\",\"name\":\"Maison - La Malandrina\",\"isPartOf\":{\"@id\":\"https:\\\/\\\/www.lamalandrina.it\\\/fr\\\/#website\"},\"datePublished\":\"2024-08-27T08:12:02+00:00\",\"dateModified\":\"2024-09-04T12:13:12+00:00\",\"breadcrumb\":{\"@id\":\"https:\\\/\\\/www.lamalandrina.it\\\/fr\\\/la-structure-hoteliere\\\/#breadcrumb\"},\"inLanguage\":\"fr-FR\",\"potentialAction\":[{\"@type\":\"ReadAction\",\"target\":[\"https:\\\/\\\/www.lamalandrina.it\\\/fr\\\/la-structure-hoteliere\\\/\"]}]},{\"@type\":\"BreadcrumbList\",\"@id\":\"https:\\\/\\\/www.lamalandrina.it\\\/fr\\\/la-structure-hoteliere\\\/#breadcrumb\",\"itemListElement\":[{\"@type\":\"ListItem\",\"position\":1,\"name\":\"Home\",\"item\":\"https:\\\/\\\/www.lamalandrina.it\\\/fr\\\/\"},{\"@type\":\"ListItem\",\"position\":2,\"name\":\"Maison\"}]},{\"@type\":\"WebSite\",\"@id\":\"https:\\\/\\\/www.lamalandrina.it\\\/fr\\\/#website\",\"url\":\"https:\\\/\\\/www.lamalandrina.it\\\/fr\\\/\",\"name\":\"La Malandrina\",\"description\":\"Case vacanze a Taormina, Italy\",\"publisher\":{\"@id\":\"https:\\\/\\\/www.lamalandrina.it\\\/fr\\\/#organization\"},\"potentialAction\":[{\"@type\":\"SearchAction\",\"target\":{\"@type\":\"EntryPoint\",\"urlTemplate\":\"https:\\\/\\\/www.lamalandrina.it\\\/fr\\\/?s={search_term_string}\"},\"query-input\":{\"@type\":\"PropertyValueSpecification\",\"valueRequired\":true,\"valueName\":\"search_term_string\"}}],\"inLanguage\":\"fr-FR\"},{\"@type\":\"Organization\",\"@id\":\"https:\\\/\\\/www.lamalandrina.it\\\/fr\\\/#organization\",\"name\":\"La Malandrina\",\"url\":\"https:\\\/\\\/www.lamalandrina.it\\\/fr\\\/\",\"logo\":{\"@type\":\"ImageObject\",\"inLanguage\":\"fr-FR\",\"@id\":\"https:\\\/\\\/www.lamalandrina.it\\\/fr\\\/#\\\/schema\\\/logo\\\/image\\\/\",\"url\":\"https:\\\/\\\/www.lamalandrina.it\\\/wp-content\\\/uploads\\\/2024\\\/08\\\/logo_retina.png\",\"contentUrl\":\"https:\\\/\\\/www.lamalandrina.it\\\/wp-content\\\/uploads\\\/2024\\\/08\\\/logo_retina.png\",\"width\":1008,\"height\":567,\"caption\":\"La Malandrina\"},\"image\":{\"@id\":\"https:\\\/\\\/www.lamalandrina.it\\\/fr\\\/#\\\/schema\\\/logo\\\/image\\\/\"}}]}<\/script>\n<!-- \/ Yoast SEO plugin. -->","yoast_head_json":{"title":"Maison - La Malandrina","robots":{"index":"index","follow":"follow","max-snippet":"max-snippet:-1","max-image-preview":"max-image-preview:large","max-video-preview":"max-video-preview:-1"},"canonical":"https:\/\/www.lamalandrina.it\/fr\/la-structure-hoteliere\/","og_locale":"fr_FR","og_type":"article","og_title":"Maison - La Malandrina","og_description":"[vc_row][vc_column width=\u00a0\u00bb1\/1&Prime;][uncode_block id=\u00a0\u00bb128&Prime;][\/vc_column][\/vc_row][vc_row row_height_percent=\u00a0\u00bb75&Prime; back_image=\u00a0\u00bb176&Prime; back_repeat=\u00a0\u00bbno-repeat\u00a0\u00bb back_attachment=\u00a0\u00bbfixed\u00a0\u00bb back_position=\u00a0\u00bbcenter center\u00a0\u00bb overlay_color=\u00a0\u00bbcolor-152021&Prime; overlay_alpha=\u00a0\u00bb40&Prime; overlay_color_blend=\u00a0\u00bbmultiply\u00a0\u00bb equal_height=\u00a0\u00bbyes\u00a0\u00bb gutter_size=\u00a0\u00bb0&Prime; column_width_use_pixel=\u00a0\u00bbyes\u00a0\u00bb shift_y=\u00a0\u00bb0&Prime; z_index=\u00a0\u00bb0&Prime; row_name=\u00a0\u00bbWelcome\u00a0\u00bb uncode_shortcode_id=\u00a0\u00bb107842&Prime; overlay_color_type=\u00a0\u00bbuncode-palette\u00a0\u00bb [&hellip;]","og_url":"https:\/\/www.lamalandrina.it\/fr\/la-structure-hoteliere\/","og_site_name":"La Malandrina","article_modified_time":"2024-09-04T12:13:12+00:00","twitter_card":"summary_large_image","twitter_misc":{"Dur\u00e9e de lecture estim\u00e9e":"7 minutes"},"schema":{"@context":"https:\/\/schema.org","@graph":[{"@type":"WebPage","@id":"https:\/\/www.lamalandrina.it\/fr\/la-structure-hoteliere\/","url":"https:\/\/www.lamalandrina.it\/fr\/la-structure-hoteliere\/","name":"Maison - La Malandrina","isPartOf":{"@id":"https:\/\/www.lamalandrina.it\/fr\/#website"},"datePublished":"2024-08-27T08:12:02+00:00","dateModified":"2024-09-04T12:13:12+00:00","breadcrumb":{"@id":"https:\/\/www.lamalandrina.it\/fr\/la-structure-hoteliere\/#breadcrumb"},"inLanguage":"fr-FR","potentialAction":[{"@type":"ReadAction","target":["https:\/\/www.lamalandrina.it\/fr\/la-structure-hoteliere\/"]}]},{"@type":"BreadcrumbList","@id":"https:\/\/www.lamalandrina.it\/fr\/la-structure-hoteliere\/#breadcrumb","itemListElement":[{"@type":"ListItem","position":1,"name":"Home","item":"https:\/\/www.lamalandrina.it\/fr\/"},{"@type":"ListItem","position":2,"name":"Maison"}]},{"@type":"WebSite","@id":"https:\/\/www.lamalandrina.it\/fr\/#website","url":"https:\/\/www.lamalandrina.it\/fr\/","name":"La Malandrina","description":"Case vacanze a Taormina, Italy","publisher":{"@id":"https:\/\/www.lamalandrina.it\/fr\/#organization"},"potentialAction":[{"@type":"SearchAction","target":{"@type":"EntryPoint","urlTemplate":"https:\/\/www.lamalandrina.it\/fr\/?s={search_term_string}"},"query-input":{"@type":"PropertyValueSpecification","valueRequired":true,"valueName":"search_term_string"}}],"inLanguage":"fr-FR"},{"@type":"Organization","@id":"https:\/\/www.lamalandrina.it\/fr\/#organization","name":"La Malandrina","url":"https:\/\/www.lamalandrina.it\/fr\/","logo":{"@type":"ImageObject","inLanguage":"fr-FR","@id":"https:\/\/www.lamalandrina.it\/fr\/#\/schema\/logo\/image\/","url":"https:\/\/www.lamalandrina.it\/wp-content\/uploads\/2024\/08\/logo_retina.png","contentUrl":"https:\/\/www.lamalandrina.it\/wp-content\/uploads\/2024\/08\/logo_retina.png","width":1008,"height":567,"caption":"La Malandrina"},"image":{"@id":"https:\/\/www.lamalandrina.it\/fr\/#\/schema\/logo\/image\/"}}]}},"_links":{"self":[{"href":"https:\/\/www.lamalandrina.it\/fr\/wp-json\/wp\/v2\/pages\/1056","targetHints":{"allow":["GET"]}}],"collection":[{"href":"https:\/\/www.lamalandrina.it\/fr\/wp-json\/wp\/v2\/pages"}],"about":[{"href":"https:\/\/www.lamalandrina.it\/fr\/wp-json\/wp\/v2\/types\/page"}],"author":[{"embeddable":true,"href":"https:\/\/www.lamalandrina.it\/fr\/wp-json\/wp\/v2\/users\/1"}],"replies":[{"embeddable":true,"href":"https:\/\/www.lamalandrina.it\/fr\/wp-json\/wp\/v2\/comments?post=1056"}],"version-history":[{"count":5,"href":"https:\/\/www.lamalandrina.it\/fr\/wp-json\/wp\/v2\/pages\/1056\/revisions"}],"predecessor-version":[{"id":1234,"href":"https:\/\/www.lamalandrina.it\/fr\/wp-json\/wp\/v2\/pages\/1056\/revisions\/1234"}],"wp:attachment":[{"href":"https:\/\/www.lamalandrina.it\/fr\/wp-json\/wp\/v2\/media?parent=1056"}],"curies":[{"name":"wp","href":"https:\/\/api.w.org\/{rel}","templated":true}]}}