{"id":1054,"date":"2024-08-27T10:49:31","date_gmt":"2024-08-27T08:49:31","guid":{"rendered":"https:\/\/www.lamalandrina.it\/home-page\/"},"modified":"2024-09-04T23:17:31","modified_gmt":"2024-09-04T21:17:31","slug":"home-page","status":"publish","type":"page","link":"https:\/\/www.lamalandrina.it\/fr\/","title":{"rendered":"Home"},"content":{"rendered":"<div class=\"wpb-content-wrapper\"><p>[vc_row unlock_row_content=\u00a0\u00bbyes\u00a0\u00bb row_height_percent=\u00a0\u00bb0&Prime; overlay_alpha=\u00a0\u00bb50&Prime; gutter_size=\u00a0\u00bb3&Prime; column_width_percent=\u00a0\u00bb100&Prime; shift_y=\u00a0\u00bb0&Prime; z_index=\u00a0\u00bb0&Prime; uncode_shortcode_id=\u00a0\u00bb151265&Prime;][vc_column column_width_percent=\u00a0\u00bb100&Prime; gutter_size=\u00a0\u00bb3&Prime; override_padding=\u00a0\u00bbyes\u00a0\u00bb column_padding=\u00a0\u00bb0&Prime; overlay_alpha=\u00a0\u00bb50&Prime; shift_x=\u00a0\u00bb0&Prime; shift_y=\u00a0\u00bb0&Prime; shift_y_down=\u00a0\u00bb0&Prime; z_index=\u00a0\u00bb0&Prime; medium_width=\u00a0\u00bb0&Prime; mobile_width=\u00a0\u00bb0&Prime; width=\u00a0\u00bb1\/1&Prime; uncode_shortcode_id=\u00a0\u00bb369136&Prime;][uncode_slider slider_type=\u00a0\u00bbfade\u00a0\u00bb slider_interval=\u00a0\u00bb5000&Prime; slider_navspeed=\u00a0\u00bb400&Prime; slider_loop=\u00a0\u00bbyes\u00a0\u00bb slider_hide_arrows=\u00a0\u00bbyes\u00a0\u00bb slider_hide_dots=\u00a0\u00bbyes\u00a0\u00bb el_id=\u00a0\u00bbslider-163542&Prime;][vc_row_inner row_inner_height_percent=\u00a0\u00bb0&Prime; back_image=\u00a0\u00bb102&Prime; back_repeat=\u00a0\u00bbno-repeat\u00a0\u00bb back_position=\u00a0\u00bbcenter center\u00a0\u00bb overlay_alpha=\u00a0\u00bb50&Prime; gutter_size=\u00a0\u00bb3&Prime; shift_y=\u00a0\u00bb0&Prime; z_index=\u00a0\u00bb0&Prime; uncode_shortcode_id=\u00a0\u00bb101826&Prime; row_height_pixel=\u00a0\u00bb450&Prime;][vc_column_inner column_width_percent=\u00a0\u00bb100&Prime; gutter_size=\u00a0\u00bb3&Prime; override_padding=\u00a0\u00bbyes\u00a0\u00bb column_padding=\u00a0\u00bb0&Prime; overlay_alpha=\u00a0\u00bb50&Prime; shift_x=\u00a0\u00bb0&Prime; shift_y=\u00a0\u00bb0&Prime; shift_y_down=\u00a0\u00bb0&Prime; z_index=\u00a0\u00bb0&Prime; medium_width=\u00a0\u00bb0&Prime; mobile_width=\u00a0\u00bb0&Prime; width=\u00a0\u00bb1\/1&Prime; uncode_shortcode_id=\u00a0\u00bb102444&Prime;][vc_empty_space empty_h=\u00a0\u00bb5&Prime;][vc_empty_space empty_h=\u00a0\u00bb5&Prime;][vc_empty_space empty_h=\u00a0\u00bb5&Prime;][\/vc_column_inner][\/vc_row_inner][vc_row_inner row_inner_height_percent=\u00a0\u00bb1&Prime; back_image=\u00a0\u00bb107&Prime; overlay_alpha=\u00a0\u00bb50&Prime; gutter_size=\u00a0\u00bb3&Prime; shift_y=\u00a0\u00bb0&Prime; z_index=\u00a0\u00bb0&Prime; uncode_shortcode_id=\u00a0\u00bb118216&Prime; row_height_pixel=\u00a0\u00bb450&Prime;][vc_column_inner width=\u00a0\u00bb1\/1&Prime;][vc_empty_space empty_h=\u00a0\u00bb5&Prime;][vc_empty_space empty_h=\u00a0\u00bb5&Prime;][vc_empty_space empty_h=\u00a0\u00bb5&Prime;][\/vc_column_inner][\/vc_row_inner][vc_row_inner row_inner_height_percent=\u00a0\u00bb1&Prime; back_image=\u00a0\u00bb124&Prime; overlay_alpha=\u00a0\u00bb50&Prime; gutter_size=\u00a0\u00bb3&Prime; shift_y=\u00a0\u00bb0&Prime; z_index=\u00a0\u00bb0&Prime; uncode_shortcode_id=\u00a0\u00bb897051&Prime; row_height_pixel=\u00a0\u00bb450&Prime;][vc_column_inner width=\u00a0\u00bb1\/1&Prime;][vc_empty_space empty_h=\u00a0\u00bb5&Prime;][vc_empty_space empty_h=\u00a0\u00bb5&Prime;][vc_empty_space empty_h=\u00a0\u00bb5&Prime;][\/vc_column_inner][\/vc_row_inner][vc_row_inner row_inner_height_percent=\u00a0\u00bb1&Prime; back_image=\u00a0\u00bb123&Prime; overlay_alpha=\u00a0\u00bb50&Prime; gutter_size=\u00a0\u00bb3&Prime; shift_y=\u00a0\u00bb0&Prime; z_index=\u00a0\u00bb0&Prime; uncode_shortcode_id=\u00a0\u00bb966886&Prime; row_height_pixel=\u00a0\u00bb450&Prime;][vc_column_inner width=\u00a0\u00bb1\/1&Prime;][vc_empty_space empty_h=\u00a0\u00bb5&Prime;][vc_empty_space empty_h=\u00a0\u00bb5&Prime;][vc_empty_space empty_h=\u00a0\u00bb5&Prime;][\/vc_column_inner][\/vc_row_inner][vc_row_inner row_inner_height_percent=\u00a0\u00bb1&Prime; back_image=\u00a0\u00bb122&Prime; overlay_alpha=\u00a0\u00bb50&Prime; gutter_size=\u00a0\u00bb3&Prime; shift_y=\u00a0\u00bb0&Prime; z_index=\u00a0\u00bb0&Prime; uncode_shortcode_id=\u00a0\u00bb206268&Prime; row_height_pixel=\u00a0\u00bb450&Prime;][vc_column_inner width=\u00a0\u00bb1\/1&Prime;][vc_empty_space empty_h=\u00a0\u00bb5&Prime;][vc_empty_space empty_h=\u00a0\u00bb5&Prime;][vc_empty_space empty_h=\u00a0\u00bb5&Prime;][\/vc_column_inner][\/vc_row_inner][\/uncode_slider][\/vc_column][\/vc_row][vc_row][vc_column width=\u00a0\u00bb1\/1&Prime;][uncode_block id=\u00a0\u00bb128&Prime;][\/vc_column][\/vc_row][vc_row row_height_percent=\u00a0\u00bb0&Prime; override_padding=\u00a0\u00bbyes\u00a0\u00bb h_padding=\u00a0\u00bb2&Prime; top_padding=\u00a0\u00bb2&Prime; bottom_padding=\u00a0\u00bb2&Prime; overlay_alpha=\u00a0\u00bb50&Prime; equal_height=\u00a0\u00bbyes\u00a0\u00bb gutter_size=\u00a0\u00bb4&Prime; column_width_percent=\u00a0\u00bb100&Prime; shift_y=\u00a0\u00bb0&Prime; z_index=\u00a0\u00bb0&Prime; el_class=\u00a0\u00bbinverted-device-order\u00a0\u00bb uncode_shortcode_id=\u00a0\u00bb205802&Prime;][vc_column column_width_percent=\u00a0\u00bb100&Prime; position_vertical=\u00a0\u00bbmiddle\u00a0\u00bb gutter_size=\u00a0\u00bb3&Prime; overlay_alpha=\u00a0\u00bb50&Prime; shift_x=\u00a0\u00bb0&Prime; shift_y=\u00a0\u00bb0&Prime; shift_y_down=\u00a0\u00bb0&Prime; z_index=\u00a0\u00bb0&Prime; medium_width=\u00a0\u00bb0&Prime; mobile_width=\u00a0\u00bb0&Prime; width=\u00a0\u00bb1\/2&Prime; uncode_shortcode_id=\u00a0\u00bb201899&Prime;][vc_custom_heading text_color=\u00a0\u00bbcolor-jevc\u00a0\u00bb text_font=\u00a0\u00bbfont-111997&Prime; text_height=\u00a0\u00bbfontheight-150504&Prime; uncode_shortcode_id=\u00a0\u00bb286061&Prime; text_color_type=\u00a0\u00bbuncode-palette\u00a0\u00bb]La structure h\u00f4teli\u00e8re[\/vc_custom_heading][vc_single_image media=\u00a0\u00bb141&Prime; media_width_percent=\u00a0\u00bb100&Prime; uncode_shortcode_id=\u00a0\u00bb180690&Prime; media_link=\u00a0\u00bburl:https%3A%2F%2Fwww.lamalandrina.it%2Ffr%2Fla-structure-hoteliere%2F|title:Appartamenti\u00a0\u00bb][\/vc_column][vc_column column_width_percent=\u00a0\u00bb100&Prime; gutter_size=\u00a0\u00bb3&Prime; overlay_alpha=\u00a0\u00bb50&Prime; shift_x=\u00a0\u00bb0&Prime; shift_y=\u00a0\u00bb0&Prime; shift_y_down=\u00a0\u00bb0&Prime; z_index=\u00a0\u00bb0&Prime; medium_width=\u00a0\u00bb0&Prime; mobile_width=\u00a0\u00bb0&Prime; width=\u00a0\u00bb1\/2&Prime; uncode_shortcode_id=\u00a0\u00bb362172&Prime;][vc_custom_heading text_color=\u00a0\u00bbcolor-jevc\u00a0\u00bb text_font=\u00a0\u00bbfont-111997&Prime; text_height=\u00a0\u00bbfontheight-150504&Prime; uncode_shortcode_id=\u00a0\u00bb179092&Prime; text_color_type=\u00a0\u00bbuncode-palette\u00a0\u00bb]Les Suites[\/vc_custom_heading][vc_single_image media=\u00a0\u00bb140&Prime; media_width_percent=\u00a0\u00bb100&Prime; uncode_shortcode_id=\u00a0\u00bb966235&Prime; media_link=\u00a0\u00bburl:https%3A%2F%2Fwww.lamalandrina.it%2Ffr%2Fles-suites%2F|title:Suites\u00a0\u00bb][\/vc_column][\/vc_row][vc_row unlock_row_content=\u00a0\u00bbyes\u00a0\u00bb row_height_percent=\u00a0\u00bb0&Prime; overlay_alpha=\u00a0\u00bb50&Prime; gutter_size=\u00a0\u00bb3&Prime; column_width_percent=\u00a0\u00bb100&Prime; shift_y=\u00a0\u00bb0&Prime; z_index=\u00a0\u00bb0&Prime; medium_visibility=\u00a0\u00bbyes\u00a0\u00bb mobile_visibility=\u00a0\u00bbyes\u00a0\u00bb auto_height_device=\u00a0\u00bbyes\u00a0\u00bb uncode_shortcode_id=\u00a0\u00bb161162&Prime;][vc_column width=\u00a0\u00bb1\/1&Prime;][vc_separator sep_color=\u00a0\u00bb\u00a0\u00bb type=\u00a0\u00bbdotted\u00a0\u00bb uncode_shortcode_id=\u00a0\u00bb159682&Prime;][\/vc_column][\/vc_row][vc_row unlock_row_content=\u00a0\u00bbyes\u00a0\u00bb row_height_percent=\u00a0\u00bb0&Prime; override_padding=\u00a0\u00bbyes\u00a0\u00bb h_padding=\u00a0\u00bb2&Prime; top_padding=\u00a0\u00bb2&Prime; bottom_padding=\u00a0\u00bb0&Prime; overlay_alpha=\u00a0\u00bb50&Prime; gutter_size=\u00a0\u00bb3&Prime; column_width_percent=\u00a0\u00bb100&Prime; shift_y=\u00a0\u00bb0&Prime; z_index=\u00a0\u00bb0&Prime; desktop_visibility=\u00a0\u00bbyes\u00a0\u00bb auto_height_device=\u00a0\u00bbyes\u00a0\u00bb uncode_shortcode_id=\u00a0\u00bb140938&Prime;][vc_column width=\u00a0\u00bb1\/1&Prime;][vc_separator sep_color=\u00a0\u00bb\u00a0\u00bb type=\u00a0\u00bbdotted\u00a0\u00bb uncode_shortcode_id=\u00a0\u00bb159682&Prime;][\/vc_column][\/vc_row][vc_row row_height_percent=\u00a0\u00bb0&Prime; override_padding=\u00a0\u00bbyes\u00a0\u00bb h_padding=\u00a0\u00bb2&Prime; top_padding=\u00a0\u00bb2&Prime; bottom_padding=\u00a0\u00bb2&Prime; overlay_alpha=\u00a0\u00bb50&Prime; equal_height=\u00a0\u00bbyes\u00a0\u00bb gutter_size=\u00a0\u00bb4&Prime; column_width_percent=\u00a0\u00bb100&Prime; shift_y=\u00a0\u00bb0&Prime; z_index=\u00a0\u00bb0&Prime; el_class=\u00a0\u00bbinverted-device-order\u00a0\u00bb uncode_shortcode_id=\u00a0\u00bb205802&Prime;][vc_column column_width_percent=\u00a0\u00bb100&Prime; position_vertical=\u00a0\u00bbmiddle\u00a0\u00bb gutter_size=\u00a0\u00bb3&Prime; overlay_alpha=\u00a0\u00bb50&Prime; shift_x=\u00a0\u00bb0&Prime; shift_y=\u00a0\u00bb0&Prime; shift_y_down=\u00a0\u00bb0&Prime; z_index=\u00a0\u00bb0&Prime; medium_width=\u00a0\u00bb0&Prime; mobile_width=\u00a0\u00bb0&Prime; width=\u00a0\u00bb1\/1&Prime; uncode_shortcode_id=\u00a0\u00bb204427&Prime;][vc_custom_heading text_color=\u00a0\u00bbcolor-jevc\u00a0\u00bb text_font=\u00a0\u00bbfont-111997&Prime; text_height=\u00a0\u00bbfontheight-150504&Prime; uncode_shortcode_id=\u00a0\u00bb637811&Prime; text_color_type=\u00a0\u00bbuncode-palette\u00a0\u00bb]Services et conventions ext\u00e9rieures[\/vc_custom_heading][vc_single_image media=\u00a0\u00bb153&Prime; media_width_percent=\u00a0\u00bb100&Prime; media_ratio=\u00a0\u00bbtwentyone-nine\u00a0\u00bb alignment=\u00a0\u00bbcenter\u00a0\u00bb uncode_shortcode_id=\u00a0\u00bb143566&Prime; media_link=\u00a0\u00bburl:https%3A%2F%2Fwww.lamalandrina.it%2Ffr%2Fla-structure-hoteliere%2Fservices-supplementaires%2F|title:Servizi%20Aggiuntivi\u00a0\u00bb][vc_custom_heading text_color=\u00a0\u00bbcolor-152021&Prime; heading_semantic=\u00a0\u00bbp\u00a0\u00bb text_font=\u00a0\u00bbfont-555555&Prime; text_size=\u00a0\u00bbfontsize-118419&Prime; text_weight=\u00a0\u00bb300&Prime; uncode_shortcode_id=\u00a0\u00bb863938&Prime; text_color_type=\u00a0\u00bbuncode-palette\u00a0\u00bb]Une liste des services suppl\u00e9mentaires qui rendront votre s\u00e9jour plus confortable et sp\u00e9cial et qui vous permettront de profiter pleinement de Taormina et de son arri\u00e8re-pays.[\/vc_custom_heading][\/vc_column][\/vc_row][vc_row row_height_percent=\u00a0\u00bb0&Prime; override_padding=\u00a0\u00bbyes\u00a0\u00bb h_padding=\u00a0\u00bb2&Prime; top_padding=\u00a0\u00bb0&Prime; bottom_padding=\u00a0\u00bb2&Prime; overlay_alpha=\u00a0\u00bb50&Prime; gutter_size=\u00a0\u00bb3&Prime; column_width_percent=\u00a0\u00bb100&Prime; shift_y=\u00a0\u00bb0&Prime; z_index=\u00a0\u00bb0&Prime; uncode_shortcode_id=\u00a0\u00bb605320&Prime;][vc_column column_width_percent=\u00a0\u00bb100&Prime; position_vertical=\u00a0\u00bbmiddle\u00a0\u00bb align_horizontal=\u00a0\u00bbalign_center\u00a0\u00bb gutter_size=\u00a0\u00bb3&Prime; override_padding=\u00a0\u00bbyes\u00a0\u00bb column_padding=\u00a0\u00bb0&Prime; overlay_alpha=\u00a0\u00bb50&Prime; shift_x=\u00a0\u00bb0&Prime; shift_y=\u00a0\u00bb0&Prime; shift_y_down=\u00a0\u00bb0&Prime; z_index=\u00a0\u00bb0&Prime; medium_width=\u00a0\u00bb0&Prime; mobile_width=\u00a0\u00bb0&Prime; width=\u00a0\u00bb1\/1&Prime; uncode_shortcode_id=\u00a0\u00bb176551&Prime;][vc_button border_width=\u00a0\u00bb0&Prime; uncode_shortcode_id=\u00a0\u00bb697056&Prime; link=\u00a0\u00bburl:https%3A%2F%2Fwww.lamalandrina.it%2Fwp-content%2Fuploads%2F2024%2F08%2Fpieghevole_malandrina.pdf\u00a0\u00bb]T\u00e9l\u00e9chargez la plaquette[\/vc_button][\/vc_column][\/vc_row][vc_row row_height_percent=\u00a0\u00bb0&Prime; back_color=\u00a0\u00bbcolor-844243&Prime; overlay_alpha=\u00a0\u00bb50&Prime; gutter_size=\u00a0\u00bb3&Prime; column_width_percent=\u00a0\u00bb100&Prime; shift_y=\u00a0\u00bb0&Prime; z_index=\u00a0\u00bb0&Prime; uncode_shortcode_id=\u00a0\u00bb478537&Prime; back_color_type=\u00a0\u00bbuncode-palette\u00a0\u00bb][vc_column column_width_percent=\u00a0\u00bb100&Prime; position_vertical=\u00a0\u00bbmiddle\u00a0\u00bb align_horizontal=\u00a0\u00bbalign_center\u00a0\u00bb gutter_size=\u00a0\u00bb3&Prime; overlay_alpha=\u00a0\u00bb50&Prime; shift_x=\u00a0\u00bb0&Prime; shift_y=\u00a0\u00bb0&Prime; shift_y_down=\u00a0\u00bb0&Prime; z_index=\u00a0\u00bb0&Prime; medium_width=\u00a0\u00bb0&Prime; mobile_width=\u00a0\u00bb0&Prime; width=\u00a0\u00bb1\/1&Prime; uncode_shortcode_id=\u00a0\u00bb174600&Prime;][vc_custom_heading text_color=\u00a0\u00bbcolor-xsdn\u00a0\u00bb text_font=\u00a0\u00bbfont-111997&Prime; text_height=\u00a0\u00bbfontheight-150504&Prime; separator=\u00a0\u00bbyes\u00a0\u00bb uncode_shortcode_id=\u00a0\u00bb756227&Prime; text_color_type=\u00a0\u00bbuncode-palette\u00a0\u00bb]Instagram[\/vc_custom_heading][vc_column_text uncode_shortcode_id=\u00a0\u00bb145958&Prime;]\t\t<div id=\"instagram-gallery-feed-0\" class=\"instagram-gallery-feed\" data-feed=\"{&quot;id&quot;:0,&quot;account_id&quot;:&quot;4167062586682768&quot;,&quot;source&quot;:&quot;username&quot;,&quot;tag&quot;:&quot;wordpress&quot;,&quot;order_by&quot;:&quot;top_media&quot;,&quot;layout&quot;:&quot;gallery&quot;,&quot;limit&quot;:8,&quot;columns&quot;:4,&quot;spacing&quot;:10,&quot;lazy&quot;:false,&quot;responsive&quot;:{&quot;desktop&quot;:{&quot;columns&quot;:3,&quot;spacing&quot;:10},&quot;tablet&quot;:{&quot;columns&quot;:2,&quot;spacing&quot;:8},&quot;mobile&quot;:{&quot;columns&quot;:1,&quot;spacing&quot;:6},&quot;breakpoints&quot;:{&quot;tablet&quot;:768,&quot;mobile&quot;:480}},&quot;aspect_ratio&quot;:{&quot;width&quot;:1,&quot;height&quot;:1},&quot;highlight&quot;:{&quot;tag&quot;:&quot;&quot;,&quot;id&quot;:&quot;&quot;,&quot;position&quot;:&quot;1,3,5&quot;},&quot;reel&quot;:{&quot;hide&quot;:false},&quot;copyright&quot;:{&quot;hide&quot;:false,&quot;placeholder&quot;:&quot;&quot;},&quot;profile&quot;:{&quot;display&quot;:false,&quot;username&quot;:&quot;&quot;,&quot;nickname&quot;:&quot;&quot;,&quot;website&quot;:&quot;&quot;,&quot;biography&quot;:&quot;&quot;,&quot;link_text&quot;:&quot;Follow&quot;,&quot;website_text&quot;:&quot;Website&quot;,&quot;avatar&quot;:&quot;&quot;},&quot;box&quot;:{&quot;display&quot;:false,&quot;padding&quot;:1,&quot;radius&quot;:0,&quot;background&quot;:&quot;#fefefe&quot;,&quot;profile&quot;:false,&quot;desc&quot;:&quot;&quot;,&quot;text_color&quot;:&quot;#000000&quot;},&quot;mask&quot;:{&quot;display&quot;:true,&quot;background&quot;:&quot;#ff7534ad&quot;,&quot;icon_color&quot;:&quot;#ffffff&quot;,&quot;likes_count&quot;:true,&quot;comments_count&quot;:true},&quot;card&quot;:{&quot;display&quot;:false,&quot;radius&quot;:1,&quot;font_size&quot;:12,&quot;background&quot;:&quot;#ffffff&quot;,&quot;background_hover&quot;:&quot;&quot;,&quot;text_color&quot;:&quot;#000000&quot;,&quot;padding&quot;:5,&quot;likes_count&quot;:true,&quot;text_length&quot;:10,&quot;comments_count&quot;:true,&quot;text_align&quot;:&quot;left&quot;},&quot;carousel&quot;:{&quot;centered_slides&quot;:false,&quot;autoplay&quot;:false,&quot;autoplay_interval&quot;:3000,&quot;navarrows&quot;:true,&quot;navarrows_color&quot;:&quot;&quot;,&quot;pagination&quot;:true,&quot;pagination_color&quot;:&quot;&quot;},&quot;modal&quot;:{&quot;display&quot;:true,&quot;profile&quot;:false,&quot;media_description&quot;:true,&quot;likes_count&quot;:true,&quot;comments_count&quot;:true,&quot;comments_list&quot;:false,&quot;text_align&quot;:&quot;left&quot;,&quot;modal_align&quot;:&quot;right&quot;,&quot;text_length&quot;:10000,&quot;font_size&quot;:12},&quot;button&quot;:{&quot;display&quot;:true,&quot;text&quot;:&quot;Follow us on Instagram&quot;,&quot;text_color&quot;:&quot;#ffff&quot;,&quot;background&quot;:&quot;#ff7534&quot;,&quot;background_hover&quot;:&quot;#ff7534&quot;},&quot;button_load&quot;:{&quot;display&quot;:false,&quot;text&quot;:&quot;Load more...&quot;,&quot;text_color&quot;:&quot;#ffff&quot;,&quot;background&quot;:&quot;&quot;,&quot;background_hover&quot;:&quot;&quot;}}\">\n\t\t<!-- <FeedContainer\/> -->\n\t\t<\/div>\n\t\t[\/vc_column_text][\/vc_column][\/vc_row]<\/p>\n<\/div>","protected":false},"excerpt":{"rendered":"<p>[vc_row unlock_row_content=\u00a0\u00bbyes\u00a0\u00bb row_height_percent=\u00a0\u00bb0&Prime; overlay_alpha=\u00a0\u00bb50&Prime; gutter_size=\u00a0\u00bb3&Prime; column_width_percent=\u00a0\u00bb100&Prime; shift_y=\u00a0\u00bb0&Prime; z_index=\u00a0\u00bb0&Prime; uncode_shortcode_id=\u00a0\u00bb151265&Prime;][vc_column column_width_percent=\u00a0\u00bb100&Prime; gutter_size=\u00a0\u00bb3&Prime; override_padding=\u00a0\u00bbyes\u00a0\u00bb column_padding=\u00a0\u00bb0&Prime; overlay_alpha=\u00a0\u00bb50&Prime; shift_x=\u00a0\u00bb0&Prime; shift_y=\u00a0\u00bb0&Prime; shift_y_down=\u00a0\u00bb0&Prime; z_index=\u00a0\u00bb0&Prime; medium_width=\u00a0\u00bb0&Prime; mobile_width=\u00a0\u00bb0&Prime; [&hellip;]<\/p>\n","protected":false},"author":1,"featured_media":0,"parent":0,"menu_order":0,"comment_status":"closed","ping_status":"closed","template":"","meta":{"footnotes":""},"class_list":["post-1054","page","type-page","status-publish","hentry"],"yoast_head":"<!-- This site is optimized with the Yoast SEO plugin v27.4 - https:\/\/yoast.com\/product\/yoast-seo-wordpress\/ -->\n<title>Home - La Malandrina<\/title>\n<meta name=\"robots\" content=\"index, follow, max-snippet:-1, max-image-preview:large, max-video-preview:-1\" \/>\n<link rel=\"canonical\" href=\"https:\/\/www.lamalandrina.it\/fr\/\" \/>\n<meta property=\"og:locale\" content=\"fr_FR\" \/>\n<meta property=\"og:type\" content=\"article\" \/>\n<meta property=\"og:title\" content=\"Home - La Malandrina\" \/>\n<meta property=\"og:description\" content=\"[vc_row unlock_row_content=\u00a0\u00bbyes\u00a0\u00bb row_height_percent=\u00a0\u00bb0&Prime; overlay_alpha=\u00a0\u00bb50&Prime; gutter_size=\u00a0\u00bb3&Prime; column_width_percent=\u00a0\u00bb100&Prime; shift_y=\u00a0\u00bb0&Prime; z_index=\u00a0\u00bb0&Prime; uncode_shortcode_id=\u00a0\u00bb151265&Prime;][vc_column column_width_percent=\u00a0\u00bb100&Prime; gutter_size=\u00a0\u00bb3&Prime; override_padding=\u00a0\u00bbyes\u00a0\u00bb column_padding=\u00a0\u00bb0&Prime; overlay_alpha=\u00a0\u00bb50&Prime; shift_x=\u00a0\u00bb0&Prime; shift_y=\u00a0\u00bb0&Prime; shift_y_down=\u00a0\u00bb0&Prime; z_index=\u00a0\u00bb0&Prime; medium_width=\u00a0\u00bb0&Prime; mobile_width=\u00a0\u00bb0&Prime; [&hellip;]\" \/>\n<meta property=\"og:url\" content=\"https:\/\/www.lamalandrina.it\/fr\/\" \/>\n<meta property=\"og:site_name\" content=\"La Malandrina\" \/>\n<meta property=\"article:modified_time\" content=\"2024-09-04T21:17:31+00:00\" \/>\n<meta name=\"twitter:card\" content=\"summary_large_image\" \/>\n<meta name=\"twitter:label1\" content=\"Dur\u00e9e de lecture estim\u00e9e\" \/>\n\t<meta name=\"twitter:data1\" content=\"5 minutes\" \/>\n<script type=\"application\/ld+json\" class=\"yoast-schema-graph\">{\"@context\":\"https:\\\/\\\/schema.org\",\"@graph\":[{\"@type\":\"WebPage\",\"@id\":\"https:\\\/\\\/www.lamalandrina.it\\\/fr\\\/\",\"url\":\"https:\\\/\\\/www.lamalandrina.it\\\/fr\\\/\",\"name\":\"Home - La Malandrina\",\"isPartOf\":{\"@id\":\"https:\\\/\\\/www.lamalandrina.it\\\/fr\\\/#website\"},\"datePublished\":\"2024-08-27T08:49:31+00:00\",\"dateModified\":\"2024-09-04T21:17:31+00:00\",\"breadcrumb\":{\"@id\":\"https:\\\/\\\/www.lamalandrina.it\\\/fr\\\/#breadcrumb\"},\"inLanguage\":\"fr-FR\",\"potentialAction\":[{\"@type\":\"ReadAction\",\"target\":[\"https:\\\/\\\/www.lamalandrina.it\\\/fr\\\/\"]}]},{\"@type\":\"BreadcrumbList\",\"@id\":\"https:\\\/\\\/www.lamalandrina.it\\\/fr\\\/#breadcrumb\",\"itemListElement\":[{\"@type\":\"ListItem\",\"position\":1,\"name\":\"Home\",\"item\":\"https:\\\/\\\/www.lamalandrina.it\\\/fr\\\/\"},{\"@type\":\"ListItem\",\"position\":2,\"name\":\"Home\"}]},{\"@type\":\"WebSite\",\"@id\":\"https:\\\/\\\/www.lamalandrina.it\\\/fr\\\/#website\",\"url\":\"https:\\\/\\\/www.lamalandrina.it\\\/fr\\\/\",\"name\":\"La Malandrina\",\"description\":\"Case vacanze a Taormina, Italy\",\"publisher\":{\"@id\":\"https:\\\/\\\/www.lamalandrina.it\\\/fr\\\/#organization\"},\"potentialAction\":[{\"@type\":\"SearchAction\",\"target\":{\"@type\":\"EntryPoint\",\"urlTemplate\":\"https:\\\/\\\/www.lamalandrina.it\\\/fr\\\/?s={search_term_string}\"},\"query-input\":{\"@type\":\"PropertyValueSpecification\",\"valueRequired\":true,\"valueName\":\"search_term_string\"}}],\"inLanguage\":\"fr-FR\"},{\"@type\":\"Organization\",\"@id\":\"https:\\\/\\\/www.lamalandrina.it\\\/fr\\\/#organization\",\"name\":\"La Malandrina\",\"url\":\"https:\\\/\\\/www.lamalandrina.it\\\/fr\\\/\",\"logo\":{\"@type\":\"ImageObject\",\"inLanguage\":\"fr-FR\",\"@id\":\"https:\\\/\\\/www.lamalandrina.it\\\/fr\\\/#\\\/schema\\\/logo\\\/image\\\/\",\"url\":\"https:\\\/\\\/www.lamalandrina.it\\\/wp-content\\\/uploads\\\/2024\\\/08\\\/logo_retina.png\",\"contentUrl\":\"https:\\\/\\\/www.lamalandrina.it\\\/wp-content\\\/uploads\\\/2024\\\/08\\\/logo_retina.png\",\"width\":1008,\"height\":567,\"caption\":\"La Malandrina\"},\"image\":{\"@id\":\"https:\\\/\\\/www.lamalandrina.it\\\/fr\\\/#\\\/schema\\\/logo\\\/image\\\/\"}}]}<\/script>\n<!-- \/ Yoast SEO plugin. -->","yoast_head_json":{"title":"Home - La Malandrina","robots":{"index":"index","follow":"follow","max-snippet":"max-snippet:-1","max-image-preview":"max-image-preview:large","max-video-preview":"max-video-preview:-1"},"canonical":"https:\/\/www.lamalandrina.it\/fr\/","og_locale":"fr_FR","og_type":"article","og_title":"Home - La Malandrina","og_description":"[vc_row unlock_row_content=\u00a0\u00bbyes\u00a0\u00bb row_height_percent=\u00a0\u00bb0&Prime; overlay_alpha=\u00a0\u00bb50&Prime; gutter_size=\u00a0\u00bb3&Prime; column_width_percent=\u00a0\u00bb100&Prime; shift_y=\u00a0\u00bb0&Prime; z_index=\u00a0\u00bb0&Prime; uncode_shortcode_id=\u00a0\u00bb151265&Prime;][vc_column column_width_percent=\u00a0\u00bb100&Prime; gutter_size=\u00a0\u00bb3&Prime; override_padding=\u00a0\u00bbyes\u00a0\u00bb column_padding=\u00a0\u00bb0&Prime; overlay_alpha=\u00a0\u00bb50&Prime; shift_x=\u00a0\u00bb0&Prime; shift_y=\u00a0\u00bb0&Prime; shift_y_down=\u00a0\u00bb0&Prime; z_index=\u00a0\u00bb0&Prime; medium_width=\u00a0\u00bb0&Prime; mobile_width=\u00a0\u00bb0&Prime; [&hellip;]","og_url":"https:\/\/www.lamalandrina.it\/fr\/","og_site_name":"La Malandrina","article_modified_time":"2024-09-04T21:17:31+00:00","twitter_card":"summary_large_image","twitter_misc":{"Dur\u00e9e de lecture estim\u00e9e":"5 minutes"},"schema":{"@context":"https:\/\/schema.org","@graph":[{"@type":"WebPage","@id":"https:\/\/www.lamalandrina.it\/fr\/","url":"https:\/\/www.lamalandrina.it\/fr\/","name":"Home - La Malandrina","isPartOf":{"@id":"https:\/\/www.lamalandrina.it\/fr\/#website"},"datePublished":"2024-08-27T08:49:31+00:00","dateModified":"2024-09-04T21:17:31+00:00","breadcrumb":{"@id":"https:\/\/www.lamalandrina.it\/fr\/#breadcrumb"},"inLanguage":"fr-FR","potentialAction":[{"@type":"ReadAction","target":["https:\/\/www.lamalandrina.it\/fr\/"]}]},{"@type":"BreadcrumbList","@id":"https:\/\/www.lamalandrina.it\/fr\/#breadcrumb","itemListElement":[{"@type":"ListItem","position":1,"name":"Home","item":"https:\/\/www.lamalandrina.it\/fr\/"},{"@type":"ListItem","position":2,"name":"Home"}]},{"@type":"WebSite","@id":"https:\/\/www.lamalandrina.it\/fr\/#website","url":"https:\/\/www.lamalandrina.it\/fr\/","name":"La Malandrina","description":"Case vacanze a Taormina, Italy","publisher":{"@id":"https:\/\/www.lamalandrina.it\/fr\/#organization"},"potentialAction":[{"@type":"SearchAction","target":{"@type":"EntryPoint","urlTemplate":"https:\/\/www.lamalandrina.it\/fr\/?s={search_term_string}"},"query-input":{"@type":"PropertyValueSpecification","valueRequired":true,"valueName":"search_term_string"}}],"inLanguage":"fr-FR"},{"@type":"Organization","@id":"https:\/\/www.lamalandrina.it\/fr\/#organization","name":"La Malandrina","url":"https:\/\/www.lamalandrina.it\/fr\/","logo":{"@type":"ImageObject","inLanguage":"fr-FR","@id":"https:\/\/www.lamalandrina.it\/fr\/#\/schema\/logo\/image\/","url":"https:\/\/www.lamalandrina.it\/wp-content\/uploads\/2024\/08\/logo_retina.png","contentUrl":"https:\/\/www.lamalandrina.it\/wp-content\/uploads\/2024\/08\/logo_retina.png","width":1008,"height":567,"caption":"La Malandrina"},"image":{"@id":"https:\/\/www.lamalandrina.it\/fr\/#\/schema\/logo\/image\/"}}]}},"_links":{"self":[{"href":"https:\/\/www.lamalandrina.it\/fr\/wp-json\/wp\/v2\/pages\/1054","targetHints":{"allow":["GET"]}}],"collection":[{"href":"https:\/\/www.lamalandrina.it\/fr\/wp-json\/wp\/v2\/pages"}],"about":[{"href":"https:\/\/www.lamalandrina.it\/fr\/wp-json\/wp\/v2\/types\/page"}],"author":[{"embeddable":true,"href":"https:\/\/www.lamalandrina.it\/fr\/wp-json\/wp\/v2\/users\/1"}],"replies":[{"embeddable":true,"href":"https:\/\/www.lamalandrina.it\/fr\/wp-json\/wp\/v2\/comments?post=1054"}],"version-history":[{"count":4,"href":"https:\/\/www.lamalandrina.it\/fr\/wp-json\/wp\/v2\/pages\/1054\/revisions"}],"predecessor-version":[{"id":1303,"href":"https:\/\/www.lamalandrina.it\/fr\/wp-json\/wp\/v2\/pages\/1054\/revisions\/1303"}],"wp:attachment":[{"href":"https:\/\/www.lamalandrina.it\/fr\/wp-json\/wp\/v2\/media?parent=1054"}],"curies":[{"name":"wp","href":"https:\/\/api.w.org\/{rel}","templated":true}]}}