{"id":1046,"date":"2024-08-27T10:48:00","date_gmt":"2024-08-27T08:48:00","guid":{"rendered":"https:\/\/www.lamalandrina.it\/dove-siamo\/"},"modified":"2024-09-16T15:25:39","modified_gmt":"2024-09-16T13:25:39","slug":"situation-et-plan-dacces","status":"publish","type":"page","link":"https:\/\/www.lamalandrina.it\/fr\/situation-et-plan-dacces\/","title":{"rendered":"Situation et plan d\u2019acc\u00e8s"},"content":{"rendered":"<div class=\"wpb-content-wrapper\"><p>[vc_row][vc_column width=\u00a0\u00bb1\/1&Prime;][uncode_block id=\u00a0\u00bb128&Prime;][uncode_block id=\u00a0\u00bb219&Prime;][\/vc_column][\/vc_row][vc_row unlock_row_content=\u00a0\u00bbyes\u00a0\u00bb row_height_percent=\u00a0\u00bb0&Prime; override_padding=\u00a0\u00bbyes\u00a0\u00bb h_padding=\u00a0\u00bb0&Prime; top_padding=\u00a0\u00bb2&Prime; bottom_padding=\u00a0\u00bb2&Prime; overlay_alpha=\u00a0\u00bb50&Prime; gutter_size=\u00a0\u00bb3&Prime; column_width_percent=\u00a0\u00bb100&Prime; shift_y=\u00a0\u00bb0&Prime; z_index=\u00a0\u00bb0&Prime; uncode_shortcode_id=\u00a0\u00bb136637&Prime;][vc_column width=\u00a0\u00bb1\/1&Prime;][vc_gmaps latlon=\u00a0\u00bb37.8545459,15.2863689&Prime; map_color=\u00a0\u00bb\u00a0\u00bb ui_color=\u00a0\u00bb\u00a0\u00bb zoom=\u00a0\u00bb14&Prime; map_saturation=\u00a0\u00bb-20&Prime; map_brightness=\u00a0\u00bb5&Prime; uncode_shortcode_id=\u00a0\u00bb128972&Prime;][\/vc_column][\/vc_row][vc_row][vc_column column_width_percent=\u00a0\u00bb100&Prime; align_horizontal=\u00a0\u00bbalign_center\u00a0\u00bb gutter_size=\u00a0\u00bb3&Prime; overlay_alpha=\u00a0\u00bb50&Prime; shift_x=\u00a0\u00bb0&Prime; shift_y=\u00a0\u00bb0&Prime; shift_y_down=\u00a0\u00bb0&Prime; z_index=\u00a0\u00bb0&Prime; medium_width=\u00a0\u00bb0&Prime; mobile_width=\u00a0\u00bb0&Prime; width=\u00a0\u00bb1\/1&Prime; uncode_shortcode_id=\u00a0\u00bb169716&Prime;][vc_custom_heading uncode_shortcode_id=\u00a0\u00bb176081&Prime;]Comment Arriver[\/vc_custom_heading][vc_separator sep_color=\u00a0\u00bb\u00a0\u00bb uncode_shortcode_id=\u00a0\u00bb103892&Prime; el_width=\u00a0\u00bb50px\u00a0\u00bb][vc_column_text uncode_shortcode_id=\u00a0\u00bb253086&Prime;]Residence La Malandrina \u2013 Via I Dionisio, 2E \u2013 98039 Taormina (ME), Italy \/ 37\u00b051\u201907.8\u2033N \u2013 15\u00b016\u201956.5\u2033E[\/vc_column_text][\/vc_column][\/vc_row][vc_row row_height_percent=\u00a0\u00bb0&Prime; override_padding=\u00a0\u00bbyes\u00a0\u00bb h_padding=\u00a0\u00bb2&Prime; top_padding=\u00a0\u00bb2&Prime; bottom_padding=\u00a0\u00bb3&Prime; overlay_alpha=\u00a0\u00bb50&Prime; gutter_size=\u00a0\u00bb3&Prime; column_width_percent=\u00a0\u00bb100&Prime; shift_y=\u00a0\u00bb0&Prime; z_index=\u00a0\u00bb0&Prime; uncode_shortcode_id=\u00a0\u00bb843793&Prime;][vc_column width=\u00a0\u00bb1\/4&Prime;][vc_row_inner row_inner_height_percent=\u00a0\u00bb0&Prime; overlay_alpha=\u00a0\u00bb50&Prime; equal_height=\u00a0\u00bbyes\u00a0\u00bb gutter_size=\u00a0\u00bb0&Prime; shift_y=\u00a0\u00bb0&Prime; z_index=\u00a0\u00bb0&Prime; uncode_shortcode_id=\u00a0\u00bb157510&Prime;][vc_column_inner column_width_percent=\u00a0\u00bb100&Prime; position_vertical=\u00a0\u00bbmiddle\u00a0\u00bb gutter_size=\u00a0\u00bb3&Prime; overlay_alpha=\u00a0\u00bb50&Prime; shift_x=\u00a0\u00bb0&Prime; shift_y=\u00a0\u00bb0&Prime; shift_y_down=\u00a0\u00bb0&Prime; z_index=\u00a0\u00bb0&Prime; medium_width=\u00a0\u00bb0&Prime; mobile_width=\u00a0\u00bb0&Prime; width=\u00a0\u00bb9\/12&Prime; uncode_shortcode_id=\u00a0\u00bb131761&Prime;][vc_custom_heading uncode_shortcode_id=\u00a0\u00bb926566&Prime;]En voiture[\/vc_custom_heading][\/vc_column_inner][vc_column_inner column_width_percent=\u00a0\u00bb100&Prime; position_vertical=\u00a0\u00bbmiddle\u00a0\u00bb gutter_size=\u00a0\u00bb3&Prime; overlay_alpha=\u00a0\u00bb50&Prime; shift_x=\u00a0\u00bb0&Prime; shift_y=\u00a0\u00bb0&Prime; shift_y_down=\u00a0\u00bb0&Prime; z_index=\u00a0\u00bb0&Prime; medium_width=\u00a0\u00bb0&Prime; mobile_width=\u00a0\u00bb0&Prime; width=\u00a0\u00bb3\/12&Prime; uncode_shortcode_id=\u00a0\u00bb403603&Prime;][vc_separator sep_color=\u00a0\u00bb\u00a0\u00bb uncode_shortcode_id=\u00a0\u00bb565928&Prime;][\/vc_column_inner][\/vc_row_inner][vc_column_text uncode_shortcode_id=\u00a0\u00bb149915&Prime;]A18 Messine-Catania, sortie Taormina. Continuez vers Taormina pour environ 2 km.<br \/>\nAu premier rond-point que vous rencontrerez (\u00e0 c\u00f4t\u00e9 du grand parking \u00ab Lumbi \u00bb), tournez \u00e0 gauche et continuez toujours en direction du centre-ville; apr\u00e8s 500 m\u00e8tres environ , vous vous trouverez devant l\u2019arc de \u00ab \u00bbPorta Messina \u00bb \u00bb ; tournez \u00e0 droite et empruntez la rue qui monte; continuez le long de \u00ab Via Circonvallazione \u00bb. Apr\u00e8s 400 m\u00e8tres, sur le c\u00f4t\u00e9 gauche, vous remarquerez une construction m\u00e9di\u00e9vale appel\u00e9 \u00ab L\u2019 Ancienne Abbaye \u00bb ; tournez d\u00e9cidemment \u00e0 gauche en direction de \u00ab Centre-Ville \u00bb ; continuez encore pour 50 m\u00e8tres \u00e0 peu pr\u00e8s jusqu\u2019\u00e0 ce que vous atteindrez, sur le c\u00f4t\u00e9 gauche de la rue, notre structure au num\u00e9ro 2E.[\/vc_column_text][\/vc_column][vc_column width=\u00a0\u00bb1\/4&Prime;][vc_row_inner row_inner_height_percent=\u00a0\u00bb0&Prime; overlay_alpha=\u00a0\u00bb50&Prime; equal_height=\u00a0\u00bbyes\u00a0\u00bb gutter_size=\u00a0\u00bb0&Prime; shift_y=\u00a0\u00bb0&Prime; z_index=\u00a0\u00bb0&Prime; uncode_shortcode_id=\u00a0\u00bb157510&Prime;][vc_column_inner column_width_percent=\u00a0\u00bb100&Prime; position_vertical=\u00a0\u00bbmiddle\u00a0\u00bb gutter_size=\u00a0\u00bb3&Prime; overlay_alpha=\u00a0\u00bb50&Prime; shift_x=\u00a0\u00bb0&Prime; shift_y=\u00a0\u00bb0&Prime; shift_y_down=\u00a0\u00bb0&Prime; z_index=\u00a0\u00bb0&Prime; medium_width=\u00a0\u00bb0&Prime; mobile_width=\u00a0\u00bb0&Prime; width=\u00a0\u00bb6\/12&Prime; uncode_shortcode_id=\u00a0\u00bb131761&Prime;][vc_custom_heading uncode_shortcode_id=\u00a0\u00bb244945&Prime;]En avion[\/vc_custom_heading][\/vc_column_inner][vc_column_inner column_width_percent=\u00a0\u00bb100&Prime; position_vertical=\u00a0\u00bbmiddle\u00a0\u00bb gutter_size=\u00a0\u00bb3&Prime; overlay_alpha=\u00a0\u00bb50&Prime; shift_x=\u00a0\u00bb0&Prime; shift_y=\u00a0\u00bb0&Prime; shift_y_down=\u00a0\u00bb0&Prime; z_index=\u00a0\u00bb0&Prime; medium_width=\u00a0\u00bb0&Prime; mobile_width=\u00a0\u00bb0&Prime; width=\u00a0\u00bb6\/12&Prime; uncode_shortcode_id=\u00a0\u00bb403603&Prime;][vc_separator sep_color=\u00a0\u00bb\u00a0\u00bb uncode_shortcode_id=\u00a0\u00bb565928&Prime;][\/vc_column_inner][\/vc_row_inner][vc_column_text uncode_shortcode_id=\u00a0\u00bb533606&Prime;]L\u2019a\u00e9roport le plus proche qui dessert Taormina est celui de \u00ab Catania Fontanarossa \u00bb (environ \u00e0 45 km de Taormina).<br \/>\nIl y a des vols hebdomadaires au d\u00e9part de nombreuses villes europ\u00e9ennes et des liaisons journali\u00e8res au d\u00e9part de Rome, Milan, Naples, Bologne, etc.<br \/>\nEn plus, surtout du printemps \u00e0 l\u2019automne, de nombreuses agences de voyage organisent des vols charter aux prix avantageux. Nous vous conseillons de demander plus d\u2019informations \u00e0 votre Agence de Voyage.[\/vc_column_text][\/vc_column][vc_column width=\u00a0\u00bb1\/4&Prime;][vc_row_inner row_inner_height_percent=\u00a0\u00bb0&Prime; overlay_alpha=\u00a0\u00bb50&Prime; equal_height=\u00a0\u00bbyes\u00a0\u00bb gutter_size=\u00a0\u00bb0&Prime; shift_y=\u00a0\u00bb0&Prime; z_index=\u00a0\u00bb0&Prime; uncode_shortcode_id=\u00a0\u00bb157510&Prime;][vc_column_inner column_width_percent=\u00a0\u00bb100&Prime; position_vertical=\u00a0\u00bbmiddle\u00a0\u00bb gutter_size=\u00a0\u00bb3&Prime; overlay_alpha=\u00a0\u00bb50&Prime; shift_x=\u00a0\u00bb0&Prime; shift_y=\u00a0\u00bb0&Prime; shift_y_down=\u00a0\u00bb0&Prime; z_index=\u00a0\u00bb0&Prime; medium_width=\u00a0\u00bb0&Prime; mobile_width=\u00a0\u00bb0&Prime; width=\u00a0\u00bb7\/12&Prime; uncode_shortcode_id=\u00a0\u00bb131761&Prime;][vc_custom_heading uncode_shortcode_id=\u00a0\u00bb109573&Prime;]En autocar[\/vc_custom_heading][\/vc_column_inner][vc_column_inner column_width_percent=\u00a0\u00bb100&Prime; position_vertical=\u00a0\u00bbmiddle\u00a0\u00bb gutter_size=\u00a0\u00bb3&Prime; overlay_alpha=\u00a0\u00bb50&Prime; shift_x=\u00a0\u00bb0&Prime; shift_y=\u00a0\u00bb0&Prime; shift_y_down=\u00a0\u00bb0&Prime; z_index=\u00a0\u00bb0&Prime; medium_width=\u00a0\u00bb0&Prime; mobile_width=\u00a0\u00bb0&Prime; width=\u00a0\u00bb5\/12&Prime; uncode_shortcode_id=\u00a0\u00bb403603&Prime;][vc_separator sep_color=\u00a0\u00bb\u00a0\u00bb uncode_shortcode_id=\u00a0\u00bb565928&Prime;][\/vc_column_inner][\/vc_row_inner][vc_column_text uncode_shortcode_id=\u00a0\u00bb148763&Prime;]De l\u2019a\u00e9roport de \u00ab Catania Fontanarossa \u00bb, vous pouvez rejoindre Taormina en bus. Les bus express des \u00ab Autolinee Etnatrasporti \u00bb, via autoroute, emploient environ 60 minutes pour relier l\u2019a\u00e9roport de Catane au centre-ville de Taormina . Les billets pour le voyage peuvent \u00eatre achet\u00e9s \u00e0 l\u2019a\u00e9roport ou \u00e0 bord du bus . Les autocars stationnent \u00e0 quelque m\u00e8tres de la \u00ab Sortie \u00bb de l\u2019a\u00e9rogare. Arriv\u00e9s \u00e0 la station de bus de Taormina, vous pouvez prendre un taxi ou la navette qui vous emm\u00e8nera \u00e0 votre destination finale.<br \/>\nLes lignes et les horaires des bus sont affich\u00e9s sur le web dans les sites des soci\u00e9t\u00e9s de transport. (<a href=\"https:\/\/www.interbus.it\/\">Oraires des bus<\/a>)[\/vc_column_text][\/vc_column][vc_column width=\u00a0\u00bb1\/4&Prime;][vc_row_inner row_inner_height_percent=\u00a0\u00bb0&Prime; overlay_alpha=\u00a0\u00bb50&Prime; equal_height=\u00a0\u00bbyes\u00a0\u00bb gutter_size=\u00a0\u00bb0&Prime; shift_y=\u00a0\u00bb0&Prime; z_index=\u00a0\u00bb0&Prime; uncode_shortcode_id=\u00a0\u00bb157510&Prime;][vc_column_inner column_width_percent=\u00a0\u00bb100&Prime; position_vertical=\u00a0\u00bbmiddle\u00a0\u00bb gutter_size=\u00a0\u00bb3&Prime; overlay_alpha=\u00a0\u00bb50&Prime; shift_x=\u00a0\u00bb0&Prime; shift_y=\u00a0\u00bb0&Prime; shift_y_down=\u00a0\u00bb0&Prime; z_index=\u00a0\u00bb0&Prime; medium_width=\u00a0\u00bb0&Prime; mobile_width=\u00a0\u00bb0&Prime; width=\u00a0\u00bb7\/12&Prime; uncode_shortcode_id=\u00a0\u00bb131761&Prime;][vc_custom_heading uncode_shortcode_id=\u00a0\u00bb258774&Prime;]En train[\/vc_custom_heading][\/vc_column_inner][vc_column_inner column_width_percent=\u00a0\u00bb100&Prime; position_vertical=\u00a0\u00bbmiddle\u00a0\u00bb gutter_size=\u00a0\u00bb3&Prime; overlay_alpha=\u00a0\u00bb50&Prime; shift_x=\u00a0\u00bb0&Prime; shift_y=\u00a0\u00bb0&Prime; shift_y_down=\u00a0\u00bb0&Prime; z_index=\u00a0\u00bb0&Prime; medium_width=\u00a0\u00bb0&Prime; mobile_width=\u00a0\u00bb0&Prime; width=\u00a0\u00bb5\/12&Prime; uncode_shortcode_id=\u00a0\u00bb403603&Prime;][vc_separator sep_color=\u00a0\u00bb\u00a0\u00bb uncode_shortcode_id=\u00a0\u00bb565928&Prime;][\/vc_column_inner][\/vc_row_inner][vc_column_text uncode_shortcode_id=\u00a0\u00bb120664&Prime;]L\u2019arr\u00eat de la gare ferroviaire de Taormina est \u00ab Taormina-Giardini Naxos \u00bb. Pour rejoindre le centre-ville prendre un taxis ou un bus du r\u00e9seau urbain aux passages fr\u00e9quents. Pour les horaires des trains, consultez le site de Trenitalia ci-joint . (<a href=\"http:\/\/www.trenitalia.com\/\"> Horaires des trains <\/a>)[\/vc_column_text][\/vc_column][\/vc_row]<\/p>\n<\/div>","protected":false},"excerpt":{"rendered":"<p>[vc_row][vc_column width=\u00a0\u00bb1\/1&Prime;][uncode_block id=\u00a0\u00bb128&Prime;][uncode_block id=\u00a0\u00bb219&Prime;][\/vc_column][\/vc_row][vc_row unlock_row_content=\u00a0\u00bbyes\u00a0\u00bb row_height_percent=\u00a0\u00bb0&Prime; override_padding=\u00a0\u00bbyes\u00a0\u00bb h_padding=\u00a0\u00bb0&Prime; top_padding=\u00a0\u00bb2&Prime; bottom_padding=\u00a0\u00bb2&Prime; overlay_alpha=\u00a0\u00bb50&Prime; gutter_size=\u00a0\u00bb3&Prime; column_width_percent=\u00a0\u00bb100&Prime; shift_y=\u00a0\u00bb0&Prime; z_index=\u00a0\u00bb0&Prime; uncode_shortcode_id=\u00a0\u00bb136637&Prime;][vc_column width=\u00a0\u00bb1\/1&Prime;][vc_gmaps latlon=\u00a0\u00bb37.8545459,15.2863689&Prime; map_color=\u00a0\u00bb\u00a0\u00bb ui_color=\u00a0\u00bb\u00a0\u00bb [&hellip;]<\/p>\n","protected":false},"author":1,"featured_media":0,"parent":0,"menu_order":0,"comment_status":"closed","ping_status":"closed","template":"","meta":{"footnotes":""},"class_list":["post-1046","page","type-page","status-publish","hentry"],"yoast_head":"<!-- This site is optimized with the Yoast SEO plugin v27.4 - https:\/\/yoast.com\/product\/yoast-seo-wordpress\/ -->\n<title>Situation et plan d\u2019acc\u00e8s - La Malandrina<\/title>\n<meta name=\"robots\" content=\"index, follow, max-snippet:-1, max-image-preview:large, max-video-preview:-1\" \/>\n<link rel=\"canonical\" href=\"https:\/\/www.lamalandrina.it\/fr\/situation-et-plan-dacces\/\" \/>\n<meta property=\"og:locale\" content=\"fr_FR\" \/>\n<meta property=\"og:type\" content=\"article\" \/>\n<meta property=\"og:title\" content=\"Situation et plan d\u2019acc\u00e8s - La Malandrina\" \/>\n<meta property=\"og:description\" content=\"[vc_row][vc_column width=\u00a0\u00bb1\/1&Prime;][uncode_block id=\u00a0\u00bb128&Prime;][uncode_block id=\u00a0\u00bb219&Prime;][\/vc_column][\/vc_row][vc_row unlock_row_content=\u00a0\u00bbyes\u00a0\u00bb row_height_percent=\u00a0\u00bb0&Prime; override_padding=\u00a0\u00bbyes\u00a0\u00bb h_padding=\u00a0\u00bb0&Prime; top_padding=\u00a0\u00bb2&Prime; bottom_padding=\u00a0\u00bb2&Prime; overlay_alpha=\u00a0\u00bb50&Prime; gutter_size=\u00a0\u00bb3&Prime; column_width_percent=\u00a0\u00bb100&Prime; shift_y=\u00a0\u00bb0&Prime; z_index=\u00a0\u00bb0&Prime; uncode_shortcode_id=\u00a0\u00bb136637&Prime;][vc_column width=\u00a0\u00bb1\/1&Prime;][vc_gmaps latlon=\u00a0\u00bb37.8545459,15.2863689&Prime; map_color=\u00a0\u00bb\u00a0\u00bb ui_color=\u00a0\u00bb\u00a0\u00bb [&hellip;]\" \/>\n<meta property=\"og:url\" content=\"https:\/\/www.lamalandrina.it\/fr\/situation-et-plan-dacces\/\" \/>\n<meta property=\"og:site_name\" content=\"La Malandrina\" \/>\n<meta property=\"article:modified_time\" content=\"2024-09-16T13:25:39+00:00\" \/>\n<meta name=\"twitter:card\" content=\"summary_large_image\" \/>\n<meta name=\"twitter:label1\" content=\"Dur\u00e9e de lecture estim\u00e9e\" \/>\n\t<meta name=\"twitter:data1\" content=\"3 minutes\" \/>\n<script type=\"application\/ld+json\" class=\"yoast-schema-graph\">{\"@context\":\"https:\\\/\\\/schema.org\",\"@graph\":[{\"@type\":\"WebPage\",\"@id\":\"https:\\\/\\\/www.lamalandrina.it\\\/fr\\\/situation-et-plan-dacces\\\/\",\"url\":\"https:\\\/\\\/www.lamalandrina.it\\\/fr\\\/situation-et-plan-dacces\\\/\",\"name\":\"Situation et plan d\u2019acc\u00e8s - La Malandrina\",\"isPartOf\":{\"@id\":\"https:\\\/\\\/www.lamalandrina.it\\\/fr\\\/#website\"},\"datePublished\":\"2024-08-27T08:48:00+00:00\",\"dateModified\":\"2024-09-16T13:25:39+00:00\",\"breadcrumb\":{\"@id\":\"https:\\\/\\\/www.lamalandrina.it\\\/fr\\\/situation-et-plan-dacces\\\/#breadcrumb\"},\"inLanguage\":\"fr-FR\",\"potentialAction\":[{\"@type\":\"ReadAction\",\"target\":[\"https:\\\/\\\/www.lamalandrina.it\\\/fr\\\/situation-et-plan-dacces\\\/\"]}]},{\"@type\":\"BreadcrumbList\",\"@id\":\"https:\\\/\\\/www.lamalandrina.it\\\/fr\\\/situation-et-plan-dacces\\\/#breadcrumb\",\"itemListElement\":[{\"@type\":\"ListItem\",\"position\":1,\"name\":\"Home\",\"item\":\"https:\\\/\\\/www.lamalandrina.it\\\/fr\\\/\"},{\"@type\":\"ListItem\",\"position\":2,\"name\":\"Situation et plan d\u2019acc\u00e8s\"}]},{\"@type\":\"WebSite\",\"@id\":\"https:\\\/\\\/www.lamalandrina.it\\\/fr\\\/#website\",\"url\":\"https:\\\/\\\/www.lamalandrina.it\\\/fr\\\/\",\"name\":\"La Malandrina\",\"description\":\"Case vacanze a Taormina, Italy\",\"publisher\":{\"@id\":\"https:\\\/\\\/www.lamalandrina.it\\\/fr\\\/#organization\"},\"potentialAction\":[{\"@type\":\"SearchAction\",\"target\":{\"@type\":\"EntryPoint\",\"urlTemplate\":\"https:\\\/\\\/www.lamalandrina.it\\\/fr\\\/?s={search_term_string}\"},\"query-input\":{\"@type\":\"PropertyValueSpecification\",\"valueRequired\":true,\"valueName\":\"search_term_string\"}}],\"inLanguage\":\"fr-FR\"},{\"@type\":\"Organization\",\"@id\":\"https:\\\/\\\/www.lamalandrina.it\\\/fr\\\/#organization\",\"name\":\"La Malandrina\",\"url\":\"https:\\\/\\\/www.lamalandrina.it\\\/fr\\\/\",\"logo\":{\"@type\":\"ImageObject\",\"inLanguage\":\"fr-FR\",\"@id\":\"https:\\\/\\\/www.lamalandrina.it\\\/fr\\\/#\\\/schema\\\/logo\\\/image\\\/\",\"url\":\"https:\\\/\\\/www.lamalandrina.it\\\/wp-content\\\/uploads\\\/2024\\\/08\\\/logo_retina.png\",\"contentUrl\":\"https:\\\/\\\/www.lamalandrina.it\\\/wp-content\\\/uploads\\\/2024\\\/08\\\/logo_retina.png\",\"width\":1008,\"height\":567,\"caption\":\"La Malandrina\"},\"image\":{\"@id\":\"https:\\\/\\\/www.lamalandrina.it\\\/fr\\\/#\\\/schema\\\/logo\\\/image\\\/\"}}]}<\/script>\n<!-- \/ Yoast SEO plugin. -->","yoast_head_json":{"title":"Situation et plan d\u2019acc\u00e8s - La Malandrina","robots":{"index":"index","follow":"follow","max-snippet":"max-snippet:-1","max-image-preview":"max-image-preview:large","max-video-preview":"max-video-preview:-1"},"canonical":"https:\/\/www.lamalandrina.it\/fr\/situation-et-plan-dacces\/","og_locale":"fr_FR","og_type":"article","og_title":"Situation et plan d\u2019acc\u00e8s - La Malandrina","og_description":"[vc_row][vc_column width=\u00a0\u00bb1\/1&Prime;][uncode_block id=\u00a0\u00bb128&Prime;][uncode_block id=\u00a0\u00bb219&Prime;][\/vc_column][\/vc_row][vc_row unlock_row_content=\u00a0\u00bbyes\u00a0\u00bb row_height_percent=\u00a0\u00bb0&Prime; override_padding=\u00a0\u00bbyes\u00a0\u00bb h_padding=\u00a0\u00bb0&Prime; top_padding=\u00a0\u00bb2&Prime; bottom_padding=\u00a0\u00bb2&Prime; overlay_alpha=\u00a0\u00bb50&Prime; gutter_size=\u00a0\u00bb3&Prime; column_width_percent=\u00a0\u00bb100&Prime; shift_y=\u00a0\u00bb0&Prime; z_index=\u00a0\u00bb0&Prime; uncode_shortcode_id=\u00a0\u00bb136637&Prime;][vc_column width=\u00a0\u00bb1\/1&Prime;][vc_gmaps latlon=\u00a0\u00bb37.8545459,15.2863689&Prime; map_color=\u00a0\u00bb\u00a0\u00bb ui_color=\u00a0\u00bb\u00a0\u00bb [&hellip;]","og_url":"https:\/\/www.lamalandrina.it\/fr\/situation-et-plan-dacces\/","og_site_name":"La Malandrina","article_modified_time":"2024-09-16T13:25:39+00:00","twitter_card":"summary_large_image","twitter_misc":{"Dur\u00e9e de lecture estim\u00e9e":"3 minutes"},"schema":{"@context":"https:\/\/schema.org","@graph":[{"@type":"WebPage","@id":"https:\/\/www.lamalandrina.it\/fr\/situation-et-plan-dacces\/","url":"https:\/\/www.lamalandrina.it\/fr\/situation-et-plan-dacces\/","name":"Situation et plan d\u2019acc\u00e8s - La Malandrina","isPartOf":{"@id":"https:\/\/www.lamalandrina.it\/fr\/#website"},"datePublished":"2024-08-27T08:48:00+00:00","dateModified":"2024-09-16T13:25:39+00:00","breadcrumb":{"@id":"https:\/\/www.lamalandrina.it\/fr\/situation-et-plan-dacces\/#breadcrumb"},"inLanguage":"fr-FR","potentialAction":[{"@type":"ReadAction","target":["https:\/\/www.lamalandrina.it\/fr\/situation-et-plan-dacces\/"]}]},{"@type":"BreadcrumbList","@id":"https:\/\/www.lamalandrina.it\/fr\/situation-et-plan-dacces\/#breadcrumb","itemListElement":[{"@type":"ListItem","position":1,"name":"Home","item":"https:\/\/www.lamalandrina.it\/fr\/"},{"@type":"ListItem","position":2,"name":"Situation et plan d\u2019acc\u00e8s"}]},{"@type":"WebSite","@id":"https:\/\/www.lamalandrina.it\/fr\/#website","url":"https:\/\/www.lamalandrina.it\/fr\/","name":"La Malandrina","description":"Case vacanze a Taormina, Italy","publisher":{"@id":"https:\/\/www.lamalandrina.it\/fr\/#organization"},"potentialAction":[{"@type":"SearchAction","target":{"@type":"EntryPoint","urlTemplate":"https:\/\/www.lamalandrina.it\/fr\/?s={search_term_string}"},"query-input":{"@type":"PropertyValueSpecification","valueRequired":true,"valueName":"search_term_string"}}],"inLanguage":"fr-FR"},{"@type":"Organization","@id":"https:\/\/www.lamalandrina.it\/fr\/#organization","name":"La Malandrina","url":"https:\/\/www.lamalandrina.it\/fr\/","logo":{"@type":"ImageObject","inLanguage":"fr-FR","@id":"https:\/\/www.lamalandrina.it\/fr\/#\/schema\/logo\/image\/","url":"https:\/\/www.lamalandrina.it\/wp-content\/uploads\/2024\/08\/logo_retina.png","contentUrl":"https:\/\/www.lamalandrina.it\/wp-content\/uploads\/2024\/08\/logo_retina.png","width":1008,"height":567,"caption":"La Malandrina"},"image":{"@id":"https:\/\/www.lamalandrina.it\/fr\/#\/schema\/logo\/image\/"}}]}},"_links":{"self":[{"href":"https:\/\/www.lamalandrina.it\/fr\/wp-json\/wp\/v2\/pages\/1046","targetHints":{"allow":["GET"]}}],"collection":[{"href":"https:\/\/www.lamalandrina.it\/fr\/wp-json\/wp\/v2\/pages"}],"about":[{"href":"https:\/\/www.lamalandrina.it\/fr\/wp-json\/wp\/v2\/types\/page"}],"author":[{"embeddable":true,"href":"https:\/\/www.lamalandrina.it\/fr\/wp-json\/wp\/v2\/users\/1"}],"replies":[{"embeddable":true,"href":"https:\/\/www.lamalandrina.it\/fr\/wp-json\/wp\/v2\/comments?post=1046"}],"version-history":[{"count":12,"href":"https:\/\/www.lamalandrina.it\/fr\/wp-json\/wp\/v2\/pages\/1046\/revisions"}],"predecessor-version":[{"id":1424,"href":"https:\/\/www.lamalandrina.it\/fr\/wp-json\/wp\/v2\/pages\/1046\/revisions\/1424"}],"wp:attachment":[{"href":"https:\/\/www.lamalandrina.it\/fr\/wp-json\/wp\/v2\/media?parent=1046"}],"curies":[{"name":"wp","href":"https:\/\/api.w.org\/{rel}","templated":true}]}}